{"id":17,"date":"2021-04-20T16:29:05","date_gmt":"2021-04-20T14:29:05","guid":{"rendered":"https:\/\/www.pfadfinder-ms.de\/?page_id=17"},"modified":"2025-11-06T15:35:48","modified_gmt":"2025-11-06T14:35:48","slug":"foerderverein","status":"publish","type":"page","link":"https:\/\/www.pfadfinder-ms.de\/?page_id=17","title":{"rendered":"F\u00f6rderverein"},"content":{"rendered":"\n<p><\/p>\n\n\n\n<p><\/p>\n\n\n\n<p>F\u00f6rderverein des Pfadfindertums e.V.<br>Seit ca. 50 Jahren unterst\u00fctzt der F\u00f6rderverein des Pfadfindertums e.V. den Stamm `totila\u00b4 in M\u00fcnster.<br>Alle Mitglieder arbeiten rein ehrenamtlich. Der FV finanziert sich ausschlie\u00dflich durch Mitgliedsbeitr\u00e4ge und Spenden. Die Mitglieder setzen sich im wesentlichen aus ehemaligen Pfadfinder*<strong>innen, aktiven Pfadfinder<\/strong>*innen, Eltern und weiteren Unterst\u00fctzer*innen des Pfadfindertums zusammen.<br>Motivation ist dabei auch die Jugendarbeit so zu f\u00f6rdern, wie sie selbst in der Vergangenheit erlebt worden ist. \u00dcber 70 Jahre jung ist der Pfadfinder-Stamm &#8218;totila&#8216; in M\u00fcnster. Mehr denn je sind Werte und Tradition der Pfadfinderbewegung gefordert. Toleranz und Solidarit\u00e4t, Verantwortungsbewusstsein und soziales Engagement, Natur- und Umweltbewusstsein &#8211; und das alles international,<br>politisch und religi\u00f6s unabh\u00e4ngig. Es gibt kaum eine Jugendbewegung, die die Entwicklung junger Menschen so positiv und nachhaltig pr\u00e4gt, wie das Pfadfindertum. Das soll und muss so bleiben!<br>Der FV stellt dem Stamm &#8218;totila&#8216; M\u00fcnster das Pfadfinderheim f\u00fcr seine Jugendarbeit zur Verf\u00fcgung.<br>Der FV hat das Haus von der Stadt M\u00fcnster gemietet und ist f\u00fcr dessen Instandhaltung verantwortlich. Deshalb finden regelm\u00e4\u00dfig Instandhaltungstermine statt, an denen die Mitglieder die Gr\u00fcnanlagen und das Haus pflegen und bei Bedarf sanieren.<\/p>\n\n\n\n<p><br>Eltern, Alt- und Jungpfadfinder*innen engagieren sich mit Leib und Seele f\u00fcr die Jugendarbeit, aber unsere vielen Aufgaben k\u00f6nnen wir nicht allein aus Mitgliedsbeitr\u00e4gen decken.<br>Wir unterst\u00fctzen Fahrten, Kurse, Ausbildung und Events.<br>Wir f\u00f6rdern internationale Begegnungen.<br>Wir unterst\u00fctzen bei Beschaffung von Ausr\u00fcstung und Zelten.<br>Wir unterst\u00fctzen somit auch finanziell schw\u00e4chere Kinder und Jugendliche.<br>Wirklich sinnvolle Jugendarbeit &#8211; Daf\u00fcr brauchen wir Sie!<\/p>\n\n\n\n<p><\/p>\n\n\n\n<p>Sie k\u00f6nnen helfen, unserer Pfadfinderjugend eine sichere Zukunft zu geben.<br>Mit einer Spende, als Sponsor*in oder neues Vereinsmitglied unterst\u00fctzen Sie wertvolle<br>Jugendarbeit, die wichtiger denn je ist!<br>Zu 100% kommt Ihre Spende der Jugendarbeit des Pfadfinderstammes &#8218;totila&#8216; in<br>M\u00fcnster zugute.<br>Ihre Spende &#8211; sie bewirkt und bewegt<br>etwas wirklich Sinnvolles!<\/p>\n\n\n\n<p><\/p>\n\n\n\n<p><\/p>\n\n\n\n<p>F\u00f6rderverein des Pfadfindertums e.V.<br>Sparkasse M\u00fcnsterland Ost<br>IBAN: DE75 4005 0150 0000 1420 75<\/p>\n\n\n\n<h3 class=\"wp-block-heading\">Bei Fragen oder Interesse wendet euch an: <\/h3>\n\n\n\n<p>Vereinsvorsitzenden des F\u00f6rderverein des Pfadfindertums M\u00fcnster e.V.<\/p>\n\n\n\n<p>Andreas Krurup<\/p>\n\n\n\n<p>E-Mail: <a href=\"mailto:akrurup@gmail.com\">akrurup@gmail.com<\/a><\/p>\n\n\n\n<div data-wp-interactive=\"core\/file\" class=\"wp-block-file alignleft\"><object data-wp-bind--hidden=\"!state.hasPdfPreview\" hidden class=\"wp-block-file__embed\" data=\"https:\/\/www.pfadfinder-ms.de\/wp-content\/uploads\/2021\/08\/Beitrittserklaerung-des-Foerderverein-des-Pfadfindertums-Muenster-e.V..pdf\" type=\"application\/pdf\" style=\"width:100%;height:716px\" aria-label=\"Einbettung von Beitrittserklaerung-des-Foerderverein-des-Pfadfindertums-Muenster-e.V..\"><\/object><a id=\"wp-block-file--media-38974aeb-42f9-4759-b8f0-a6942113c327\" href=\"https:\/\/www.pfadfinder-ms.de\/?attachment_id=415\" target=\"_blank\" rel=\"noreferrer noopener\">Beitrittserklaerung-des-Foerderverein-des-Pfadfindertums-Muenster-e.V.<\/a><a href=\"https:\/\/www.pfadfinder-ms.de\/wp-content\/uploads\/2021\/08\/Beitrittserklaerung-des-Foerderverein-des-Pfadfindertums-Muenster-e.V..pdf\" class=\"wp-block-file__button wp-element-button\" download aria-describedby=\"wp-block-file--media-38974aeb-42f9-4759-b8f0-a6942113c327\">Herunterladen<\/a><\/div>\n\n\n\n<p><\/p>\n","protected":false},"excerpt":{"rendered":"<p>F\u00f6rderverein des Pfadfindertums e.V.Seit ca. 50 Jahren unterst\u00fctzt der F\u00f6rderverein des Pfadfindertums e.V. den Stamm `totila\u00b4 in M\u00fcnster.Alle Mitglieder arbeiten rein ehrenamtlich. Der FV finanziert sich ausschlie\u00dflich durch Mitgliedsbeitr\u00e4ge und Spenden. Die Mitglieder setzen sich im wesentlichen aus ehemaligen Pfadfinder*innen, aktiven Pfadfinder*innen, Eltern und weiteren Unterst\u00fctzer*innen des Pfadfindertums zusammen.Motivation ist dabei auch die Jugendarbeit so [&hellip;]<\/p>\n","protected":false},"author":1,"featured_media":1008,"parent":0,"menu_order":0,"comment_status":"closed","ping_status":"closed","template":"","meta":{"footnotes":""},"class_list":["post-17","page","type-page","status-publish","has-post-thumbnail","hentry"],"yoast_head":"<!-- This site is optimized with the Yoast SEO plugin v24.6 - https:\/\/yoast.com\/wordpress\/plugins\/seo\/ -->\n<title>F\u00f6rderverein - BdP Stamm `totila\u00b4<\/title>\n<meta name=\"robots\" content=\"index, follow, max-snippet:-1, max-image-preview:large, max-video-preview:-1\" \/>\n<link rel=\"canonical\" href=\"https:\/\/www.pfadfinder-ms.de\/?page_id=17\" \/>\n<meta property=\"og:locale\" content=\"de_DE\" \/>\n<meta property=\"og:type\" content=\"article\" \/>\n<meta property=\"og:title\" content=\"F\u00f6rderverein - BdP Stamm `totila\u00b4\" \/>\n<meta property=\"og:description\" content=\"F\u00f6rderverein des Pfadfindertums e.V.Seit ca. 50 Jahren unterst\u00fctzt der F\u00f6rderverein des Pfadfindertums e.V. den Stamm `totila\u00b4 in M\u00fcnster.Alle Mitglieder arbeiten rein ehrenamtlich. Der FV finanziert sich ausschlie\u00dflich durch Mitgliedsbeitr\u00e4ge und Spenden. Die Mitglieder setzen sich im wesentlichen aus ehemaligen Pfadfinder*innen, aktiven Pfadfinder*innen, Eltern und weiteren Unterst\u00fctzer*innen des Pfadfindertums zusammen.Motivation ist dabei auch die Jugendarbeit so [&hellip;]\" \/>\n<meta property=\"og:url\" content=\"https:\/\/www.pfadfinder-ms.de\/?page_id=17\" \/>\n<meta property=\"og:site_name\" content=\"BdP Stamm `totila\u00b4\" \/>\n<meta property=\"article:modified_time\" content=\"2025-11-06T14:35:48+00:00\" \/>\n<meta property=\"og:image\" content=\"https:\/\/www.pfadfinder-ms.de\/wp-content\/uploads\/2025\/11\/DSC5670-scaled.jpg\" \/>\n\t<meta property=\"og:image:width\" content=\"2560\" \/>\n\t<meta property=\"og:image:height\" content=\"1704\" \/>\n\t<meta property=\"og:image:type\" content=\"image\/jpeg\" \/>\n<meta name=\"twitter:card\" content=\"summary_large_image\" \/>\n<meta name=\"twitter:label1\" content=\"Gesch\u00e4tzte Lesezeit\" \/>\n\t<meta name=\"twitter:data1\" content=\"3\u00a0Minuten\" \/>\n<script type=\"application\/ld+json\" class=\"yoast-schema-graph\">{\"@context\":\"https:\/\/schema.org\",\"@graph\":[{\"@type\":\"WebPage\",\"@id\":\"https:\/\/www.pfadfinder-ms.de\/?page_id=17\",\"url\":\"https:\/\/www.pfadfinder-ms.de\/?page_id=17\",\"name\":\"F\u00f6rderverein - BdP Stamm `totila\u00b4\",\"isPartOf\":{\"@id\":\"https:\/\/www.pfadfinder-ms.de\/#website\"},\"primaryImageOfPage\":{\"@id\":\"https:\/\/www.pfadfinder-ms.de\/?page_id=17#primaryimage\"},\"image\":{\"@id\":\"https:\/\/www.pfadfinder-ms.de\/?page_id=17#primaryimage\"},\"thumbnailUrl\":\"https:\/\/www.pfadfinder-ms.de\/wp-content\/uploads\/2025\/11\/DSC5670-scaled.jpg\",\"datePublished\":\"2021-04-20T14:29:05+00:00\",\"dateModified\":\"2025-11-06T14:35:48+00:00\",\"breadcrumb\":{\"@id\":\"https:\/\/www.pfadfinder-ms.de\/?page_id=17#breadcrumb\"},\"inLanguage\":\"de\",\"potentialAction\":[{\"@type\":\"ReadAction\",\"target\":[\"https:\/\/www.pfadfinder-ms.de\/?page_id=17\"]}]},{\"@type\":\"ImageObject\",\"inLanguage\":\"de\",\"@id\":\"https:\/\/www.pfadfinder-ms.de\/?page_id=17#primaryimage\",\"url\":\"https:\/\/www.pfadfinder-ms.de\/wp-content\/uploads\/2025\/11\/DSC5670-scaled.jpg\",\"contentUrl\":\"https:\/\/www.pfadfinder-ms.de\/wp-content\/uploads\/2025\/11\/DSC5670-scaled.jpg\",\"width\":2560,\"height\":1704},{\"@type\":\"BreadcrumbList\",\"@id\":\"https:\/\/www.pfadfinder-ms.de\/?page_id=17#breadcrumb\",\"itemListElement\":[{\"@type\":\"ListItem\",\"position\":1,\"name\":\"Startseite\",\"item\":\"https:\/\/www.pfadfinder-ms.de\/\"},{\"@type\":\"ListItem\",\"position\":2,\"name\":\"F\u00f6rderverein\"}]},{\"@type\":\"WebSite\",\"@id\":\"https:\/\/www.pfadfinder-ms.de\/#website\",\"url\":\"https:\/\/www.pfadfinder-ms.de\/\",\"name\":\"BdP Stamm `totila\u00b4\",\"description\":\"Aktionsberichte\",\"potentialAction\":[{\"@type\":\"SearchAction\",\"target\":{\"@type\":\"EntryPoint\",\"urlTemplate\":\"https:\/\/www.pfadfinder-ms.de\/?s={search_term_string}\"},\"query-input\":{\"@type\":\"PropertyValueSpecification\",\"valueRequired\":true,\"valueName\":\"search_term_string\"}}],\"inLanguage\":\"de\"}]}<\/script>\n<!-- \/ Yoast SEO plugin. -->","yoast_head_json":{"title":"F\u00f6rderverein - BdP Stamm `totila\u00b4","robots":{"index":"index","follow":"follow","max-snippet":"max-snippet:-1","max-image-preview":"max-image-preview:large","max-video-preview":"max-video-preview:-1"},"canonical":"https:\/\/www.pfadfinder-ms.de\/?page_id=17","og_locale":"de_DE","og_type":"article","og_title":"F\u00f6rderverein - BdP Stamm `totila\u00b4","og_description":"F\u00f6rderverein des Pfadfindertums e.V.Seit ca. 50 Jahren unterst\u00fctzt der F\u00f6rderverein des Pfadfindertums e.V. den Stamm `totila\u00b4 in M\u00fcnster.Alle Mitglieder arbeiten rein ehrenamtlich. Der FV finanziert sich ausschlie\u00dflich durch Mitgliedsbeitr\u00e4ge und Spenden. Die Mitglieder setzen sich im wesentlichen aus ehemaligen Pfadfinder*innen, aktiven Pfadfinder*innen, Eltern und weiteren Unterst\u00fctzer*innen des Pfadfindertums zusammen.Motivation ist dabei auch die Jugendarbeit so [&hellip;]","og_url":"https:\/\/www.pfadfinder-ms.de\/?page_id=17","og_site_name":"BdP Stamm `totila\u00b4","article_modified_time":"2025-11-06T14:35:48+00:00","og_image":[{"width":2560,"height":1704,"url":"https:\/\/www.pfadfinder-ms.de\/wp-content\/uploads\/2025\/11\/DSC5670-scaled.jpg","type":"image\/jpeg"}],"twitter_card":"summary_large_image","twitter_misc":{"Gesch\u00e4tzte Lesezeit":"3\u00a0Minuten"},"schema":{"@context":"https:\/\/schema.org","@graph":[{"@type":"WebPage","@id":"https:\/\/www.pfadfinder-ms.de\/?page_id=17","url":"https:\/\/www.pfadfinder-ms.de\/?page_id=17","name":"F\u00f6rderverein - BdP Stamm `totila\u00b4","isPartOf":{"@id":"https:\/\/www.pfadfinder-ms.de\/#website"},"primaryImageOfPage":{"@id":"https:\/\/www.pfadfinder-ms.de\/?page_id=17#primaryimage"},"image":{"@id":"https:\/\/www.pfadfinder-ms.de\/?page_id=17#primaryimage"},"thumbnailUrl":"https:\/\/www.pfadfinder-ms.de\/wp-content\/uploads\/2025\/11\/DSC5670-scaled.jpg","datePublished":"2021-04-20T14:29:05+00:00","dateModified":"2025-11-06T14:35:48+00:00","breadcrumb":{"@id":"https:\/\/www.pfadfinder-ms.de\/?page_id=17#breadcrumb"},"inLanguage":"de","potentialAction":[{"@type":"ReadAction","target":["https:\/\/www.pfadfinder-ms.de\/?page_id=17"]}]},{"@type":"ImageObject","inLanguage":"de","@id":"https:\/\/www.pfadfinder-ms.de\/?page_id=17#primaryimage","url":"https:\/\/www.pfadfinder-ms.de\/wp-content\/uploads\/2025\/11\/DSC5670-scaled.jpg","contentUrl":"https:\/\/www.pfadfinder-ms.de\/wp-content\/uploads\/2025\/11\/DSC5670-scaled.jpg","width":2560,"height":1704},{"@type":"BreadcrumbList","@id":"https:\/\/www.pfadfinder-ms.de\/?page_id=17#breadcrumb","itemListElement":[{"@type":"ListItem","position":1,"name":"Startseite","item":"https:\/\/www.pfadfinder-ms.de\/"},{"@type":"ListItem","position":2,"name":"F\u00f6rderverein"}]},{"@type":"WebSite","@id":"https:\/\/www.pfadfinder-ms.de\/#website","url":"https:\/\/www.pfadfinder-ms.de\/","name":"BdP Stamm `totila\u00b4","description":"Aktionsberichte","potentialAction":[{"@type":"SearchAction","target":{"@type":"EntryPoint","urlTemplate":"https:\/\/www.pfadfinder-ms.de\/?s={search_term_string}"},"query-input":{"@type":"PropertyValueSpecification","valueRequired":true,"valueName":"search_term_string"}}],"inLanguage":"de"}]}},"_links":{"self":[{"href":"https:\/\/www.pfadfinder-ms.de\/index.php?rest_route=\/wp\/v2\/pages\/17","targetHints":{"allow":["GET"]}}],"collection":[{"href":"https:\/\/www.pfadfinder-ms.de\/index.php?rest_route=\/wp\/v2\/pages"}],"about":[{"href":"https:\/\/www.pfadfinder-ms.de\/index.php?rest_route=\/wp\/v2\/types\/page"}],"author":[{"embeddable":true,"href":"https:\/\/www.pfadfinder-ms.de\/index.php?rest_route=\/wp\/v2\/users\/1"}],"replies":[{"embeddable":true,"href":"https:\/\/www.pfadfinder-ms.de\/index.php?rest_route=%2Fwp%2Fv2%2Fcomments&post=17"}],"version-history":[{"count":33,"href":"https:\/\/www.pfadfinder-ms.de\/index.php?rest_route=\/wp\/v2\/pages\/17\/revisions"}],"predecessor-version":[{"id":597,"href":"https:\/\/www.pfadfinder-ms.de\/index.php?rest_route=\/wp\/v2\/pages\/17\/revisions\/597"}],"wp:featuredmedia":[{"embeddable":true,"href":"https:\/\/www.pfadfinder-ms.de\/index.php?rest_route=\/wp\/v2\/media\/1008"}],"wp:attachment":[{"href":"https:\/\/www.pfadfinder-ms.de\/index.php?rest_route=%2Fwp%2Fv2%2Fmedia&parent=17"}],"curies":[{"name":"wp","href":"https:\/\/api.w.org\/{rel}","templated":true}]}}