{"id":27,"date":"2021-04-20T16:29:05","date_gmt":"2021-04-20T14:29:05","guid":{"rendered":"https:\/\/www.pfadfinder-ms.de\/?page_id=27"},"modified":"2025-02-20T16:35:00","modified_gmt":"2025-02-20T15:35:00","slug":"datenschutz","status":"publish","type":"page","link":"https:\/\/www.pfadfinder-ms.de\/?page_id=27","title":{"rendered":"Datenschutz"},"content":{"rendered":"\n<h3 class=\"wp-block-heading\">Allgemeiner Hinweis und Pflichtinformationen<br>Benennung der verantwortlichen Stelle<\/h3>\n\n\n\n<p>Bund der Pfadfinderinnen und Pfadfinder<\/p>\n\n\n\n<p>Landesverband Nordrhein-Westfalen e. V.<\/p>\n\n\n\n<p>Stamm &#8218;totila&#8216;<br>Marek Blanke<br>Gallenkamp 31<br>48145 M\u00fcnster<\/p>\n\n\n\n<h3 class=\"wp-block-heading\">Erfassung allgemeiner Informationen <\/h3>\n\n\n\n<p>In Server-Log-Dateien erhebt und speichert der Provider der Website automatisch Informationen, die Ihr Browser automatisch an uns \u00fcbermittelt. Diese k\u00f6nnen sein: Datum und Uhrzeit der Serveranfrage, Browsertyp und Browserversion, Betriebssystem, Referrer URL, Hostname des zugreifenden Rechners, IP-Adresse. Den rechtlichen Rahmen f\u00fcr den Datenschutz bilden das Bundesdatenschutzgesetz (BDSG) und das Telemediengesetz (TMG). Es findet keine Zusammenf\u00fchrung dieser Daten mit anderen Datenquellen statt. Grundlage der Datenverarbeitung bildet Art. 6 Abs. 1 lit. b DSGVO, der die Verarbeitung von Daten zur Erf\u00fcllung eines Vertrags oder vorvertraglicher Ma\u00dfnahmen gestattet.<\/p>\n\n\n\n<h3 class=\"wp-block-heading\">Umgang mit personenbezogenen Daten<\/h3>\n\n\n\n<p>Nur mit Ihrer ausdr\u00fccklichen Einwilligung sind einige Vorg\u00e4nge der Datenverarbeitung m\u00f6glich. Ein Widerruf Ihrer bereits erteilten Einwilligung ist jederzeit m\u00f6glich. F\u00fcr den Widerruf gen\u00fcgt eine formlose Mitteilung per E-Mail. Die Rechtm\u00e4\u00dfigkeit der bis zum Widerruf erfolgten Datenverarbeitung bleibt vom Widerruf unber\u00fchrt.<\/p>\n\n\n\n<h3 class=\"wp-block-heading\">SSL- bzw. TLS-Verschl\u00fcsselung<\/h3>\n\n\n\n<p>Aus Sicherheitsgr\u00fcnden und zum Schutz der \u00dcbertragung vertraulicher Inhalte, die Sie an uns als Seitenbetreiber senden, nutzt unsere Website eine SSL-bzw. TLS-Verschl\u00fcsselung. Damit sind Daten, die Sie \u00fcber diese Website \u00fcbermitteln, f\u00fcr Dritte nicht mitlesbar. Sie erkennen eine verschl\u00fcsselte Verbindung an der \u201ehttps:\/\/\u201c Adresszeile Ihres Browsers und am Schloss-Symbol in der Browserzeile.<\/p>\n\n\n\n<h3 class=\"wp-block-heading\">Kontaktformular<\/h3>\n\n\n\n<p>Per Kontaktaufnahme (Formular, Mail, etc.) \u00fcbermittelte Daten werden einschlie\u00dflich Ihrer Kontaktdaten gespeichert, um Ihre Anfrage bearbeiten zu k\u00f6nnen oder um f\u00fcr Anschlussfragen bereitzustehen. Eine Weitergabe dieser Daten findet ohne Ihre Einwilligung nicht statt.<\/p>\n\n\n\n<p>Die Verarbeitung der in das Kontaktformular eingegebenen Daten erfolgt ausschlie\u00dflich auf Grundlage Ihrer Einwilligung (Art. 6 Abs. 1 lit. a DSGVO). Ein Widerruf Ihrer bereits erteilten Einwilligung ist jederzeit m\u00f6glich. F\u00fcr den Widerruf gen\u00fcgt eine formlose Mitteilung per E-Mail. Die Rechtm\u00e4\u00dfigkeit der bis zum Widerruf erfolgten Datenverarbeitungsvorg\u00e4nge bleibt vom Widerruf unber\u00fchrt.<\/p>\n\n\n\n<p>\u00dcber das Kontaktformular \u00fcbermittelte Daten verbleiben bei uns, bis Sie uns zur L\u00f6schung auffordern, Ihre Einwilligung zur Speicherung widerrufen oder keine Notwendigkeit der Datenspeicherung mehr besteht. Zwingende gesetzliche Bestimmungen &#8211; insbesondere Aufbewahrungsfristen &#8211; bleiben unber\u00fchrt.<\/p>\n\n\n\n<h3 class=\"wp-block-heading\">Einbindung von Diensten und Inhalten Dritter<\/h3>\n\n\n\n<p>Unsere Website kann Inhalte, Dienste und Leistungen anderer Anbieter beinhalten (z. B. Google-Maps, YouTube sowie Grafiken und Bilder anderer Webseiten). Damit diese Daten im Browser des Nutzers aufgerufen und dargestellt werden k\u00f6nnen, ist die \u00dcbermittlung der IP-Adresse zwingend notwendig. Die Anbieter nehmen also die IP-Adresse des jeweiligen Nutzers wahr.<\/p>\n\n\n\n<h3 class=\"wp-block-heading\">Rechte auf Auskunft, Berichtigung, Sperre und L\u00f6schung<\/h3>\n\n\n\n<p>Sie haben jederzeit im Rahmen der geltenden gesetzlichen Bestimmungen das Recht auf unentgeltliche Auskunft \u00fcber Ihre gespeicherten personenbezogenen Daten, Herkunft der Daten, deren Empf\u00e4nger und den Zweck der Datenverarbeitung und ggf. ein Recht auf Berichtigung, Sperrung oder L\u00f6schung dieser Daten. Diesbez\u00fcglich und auch zu weiteren Fragen zum Thema personenbezogene Daten k\u00f6nnen Sie sich jederzeit \u00fcber die im Impressum aufgef\u00fchrten Kontaktm\u00f6glichkeiten an uns wenden.<\/p>\n\n\n\n<p>Quelle: Datenschutz-Konfigurator von&nbsp;<a href=\"http:\/\/www.mein-datenschutzbeauftragter.de\/\" target=\"_blank\" rel=\"noreferrer noopener\">mein-datenschutzbeauftragter.de<\/a><\/p>\n","protected":false},"excerpt":{"rendered":"<p>Allgemeiner Hinweis und PflichtinformationenBenennung der verantwortlichen Stelle Bund der Pfadfinderinnen und Pfadfinder Landesverband Nordrhein-Westfalen e. V. Stamm &#8218;totila&#8216;Marek BlankeGallenkamp 3148145 M\u00fcnster Erfassung allgemeiner Informationen In Server-Log-Dateien erhebt und speichert der Provider der Website automatisch Informationen, die Ihr Browser automatisch an uns \u00fcbermittelt. Diese k\u00f6nnen sein: Datum und Uhrzeit der Serveranfrage, Browsertyp und Browserversion, Betriebssystem, Referrer [&hellip;]<\/p>\n","protected":false},"author":1,"featured_media":0,"parent":0,"menu_order":0,"comment_status":"closed","ping_status":"closed","template":"","meta":{"footnotes":""},"class_list":["post-27","page","type-page","status-publish","hentry"],"yoast_head":"<!-- This site is optimized with the Yoast SEO plugin v24.6 - https:\/\/yoast.com\/wordpress\/plugins\/seo\/ -->\n<title>Datenschutz - BdP Stamm `totila\u00b4<\/title>\n<meta name=\"robots\" content=\"index, follow, max-snippet:-1, max-image-preview:large, max-video-preview:-1\" \/>\n<link rel=\"canonical\" href=\"https:\/\/www.pfadfinder-ms.de\/?page_id=27\" \/>\n<meta property=\"og:locale\" content=\"de_DE\" \/>\n<meta property=\"og:type\" content=\"article\" \/>\n<meta property=\"og:title\" content=\"Datenschutz - BdP Stamm `totila\u00b4\" \/>\n<meta property=\"og:description\" content=\"Allgemeiner Hinweis und PflichtinformationenBenennung der verantwortlichen Stelle Bund der Pfadfinderinnen und Pfadfinder Landesverband Nordrhein-Westfalen e. V. Stamm &#8218;totila&#8216;Marek BlankeGallenkamp 3148145 M\u00fcnster Erfassung allgemeiner Informationen In Server-Log-Dateien erhebt und speichert der Provider der Website automatisch Informationen, die Ihr Browser automatisch an uns \u00fcbermittelt. Diese k\u00f6nnen sein: Datum und Uhrzeit der Serveranfrage, Browsertyp und Browserversion, Betriebssystem, Referrer [&hellip;]\" \/>\n<meta property=\"og:url\" content=\"https:\/\/www.pfadfinder-ms.de\/?page_id=27\" \/>\n<meta property=\"og:site_name\" content=\"BdP Stamm `totila\u00b4\" \/>\n<meta property=\"article:modified_time\" content=\"2025-02-20T15:35:00+00:00\" \/>\n<meta name=\"twitter:card\" content=\"summary_large_image\" \/>\n<meta name=\"twitter:label1\" content=\"Gesch\u00e4tzte Lesezeit\" \/>\n\t<meta name=\"twitter:data1\" content=\"3\u00a0Minuten\" \/>\n<script type=\"application\/ld+json\" class=\"yoast-schema-graph\">{\"@context\":\"https:\/\/schema.org\",\"@graph\":[{\"@type\":\"WebPage\",\"@id\":\"https:\/\/www.pfadfinder-ms.de\/?page_id=27\",\"url\":\"https:\/\/www.pfadfinder-ms.de\/?page_id=27\",\"name\":\"Datenschutz - BdP Stamm `totila\u00b4\",\"isPartOf\":{\"@id\":\"https:\/\/www.pfadfinder-ms.de\/#website\"},\"datePublished\":\"2021-04-20T14:29:05+00:00\",\"dateModified\":\"2025-02-20T15:35:00+00:00\",\"breadcrumb\":{\"@id\":\"https:\/\/www.pfadfinder-ms.de\/?page_id=27#breadcrumb\"},\"inLanguage\":\"de\",\"potentialAction\":[{\"@type\":\"ReadAction\",\"target\":[\"https:\/\/www.pfadfinder-ms.de\/?page_id=27\"]}]},{\"@type\":\"BreadcrumbList\",\"@id\":\"https:\/\/www.pfadfinder-ms.de\/?page_id=27#breadcrumb\",\"itemListElement\":[{\"@type\":\"ListItem\",\"position\":1,\"name\":\"Startseite\",\"item\":\"https:\/\/www.pfadfinder-ms.de\/\"},{\"@type\":\"ListItem\",\"position\":2,\"name\":\"Datenschutz\"}]},{\"@type\":\"WebSite\",\"@id\":\"https:\/\/www.pfadfinder-ms.de\/#website\",\"url\":\"https:\/\/www.pfadfinder-ms.de\/\",\"name\":\"BdP Stamm `totila\u00b4\",\"description\":\"Aktionsberichte\",\"potentialAction\":[{\"@type\":\"SearchAction\",\"target\":{\"@type\":\"EntryPoint\",\"urlTemplate\":\"https:\/\/www.pfadfinder-ms.de\/?s={search_term_string}\"},\"query-input\":{\"@type\":\"PropertyValueSpecification\",\"valueRequired\":true,\"valueName\":\"search_term_string\"}}],\"inLanguage\":\"de\"}]}<\/script>\n<!-- \/ Yoast SEO plugin. -->","yoast_head_json":{"title":"Datenschutz - BdP Stamm `totila\u00b4","robots":{"index":"index","follow":"follow","max-snippet":"max-snippet:-1","max-image-preview":"max-image-preview:large","max-video-preview":"max-video-preview:-1"},"canonical":"https:\/\/www.pfadfinder-ms.de\/?page_id=27","og_locale":"de_DE","og_type":"article","og_title":"Datenschutz - BdP Stamm `totila\u00b4","og_description":"Allgemeiner Hinweis und PflichtinformationenBenennung der verantwortlichen Stelle Bund der Pfadfinderinnen und Pfadfinder Landesverband Nordrhein-Westfalen e. V. Stamm &#8218;totila&#8216;Marek BlankeGallenkamp 3148145 M\u00fcnster Erfassung allgemeiner Informationen In Server-Log-Dateien erhebt und speichert der Provider der Website automatisch Informationen, die Ihr Browser automatisch an uns \u00fcbermittelt. Diese k\u00f6nnen sein: Datum und Uhrzeit der Serveranfrage, Browsertyp und Browserversion, Betriebssystem, Referrer [&hellip;]","og_url":"https:\/\/www.pfadfinder-ms.de\/?page_id=27","og_site_name":"BdP Stamm `totila\u00b4","article_modified_time":"2025-02-20T15:35:00+00:00","twitter_card":"summary_large_image","twitter_misc":{"Gesch\u00e4tzte Lesezeit":"3\u00a0Minuten"},"schema":{"@context":"https:\/\/schema.org","@graph":[{"@type":"WebPage","@id":"https:\/\/www.pfadfinder-ms.de\/?page_id=27","url":"https:\/\/www.pfadfinder-ms.de\/?page_id=27","name":"Datenschutz - BdP Stamm `totila\u00b4","isPartOf":{"@id":"https:\/\/www.pfadfinder-ms.de\/#website"},"datePublished":"2021-04-20T14:29:05+00:00","dateModified":"2025-02-20T15:35:00+00:00","breadcrumb":{"@id":"https:\/\/www.pfadfinder-ms.de\/?page_id=27#breadcrumb"},"inLanguage":"de","potentialAction":[{"@type":"ReadAction","target":["https:\/\/www.pfadfinder-ms.de\/?page_id=27"]}]},{"@type":"BreadcrumbList","@id":"https:\/\/www.pfadfinder-ms.de\/?page_id=27#breadcrumb","itemListElement":[{"@type":"ListItem","position":1,"name":"Startseite","item":"https:\/\/www.pfadfinder-ms.de\/"},{"@type":"ListItem","position":2,"name":"Datenschutz"}]},{"@type":"WebSite","@id":"https:\/\/www.pfadfinder-ms.de\/#website","url":"https:\/\/www.pfadfinder-ms.de\/","name":"BdP Stamm `totila\u00b4","description":"Aktionsberichte","potentialAction":[{"@type":"SearchAction","target":{"@type":"EntryPoint","urlTemplate":"https:\/\/www.pfadfinder-ms.de\/?s={search_term_string}"},"query-input":{"@type":"PropertyValueSpecification","valueRequired":true,"valueName":"search_term_string"}}],"inLanguage":"de"}]}},"_links":{"self":[{"href":"https:\/\/www.pfadfinder-ms.de\/index.php?rest_route=\/wp\/v2\/pages\/27","targetHints":{"allow":["GET"]}}],"collection":[{"href":"https:\/\/www.pfadfinder-ms.de\/index.php?rest_route=\/wp\/v2\/pages"}],"about":[{"href":"https:\/\/www.pfadfinder-ms.de\/index.php?rest_route=\/wp\/v2\/types\/page"}],"author":[{"embeddable":true,"href":"https:\/\/www.pfadfinder-ms.de\/index.php?rest_route=\/wp\/v2\/users\/1"}],"replies":[{"embeddable":true,"href":"https:\/\/www.pfadfinder-ms.de\/index.php?rest_route=%2Fwp%2Fv2%2Fcomments&post=27"}],"version-history":[{"count":7,"href":"https:\/\/www.pfadfinder-ms.de\/index.php?rest_route=\/wp\/v2\/pages\/27\/revisions"}],"predecessor-version":[{"id":818,"href":"https:\/\/www.pfadfinder-ms.de\/index.php?rest_route=\/wp\/v2\/pages\/27\/revisions\/818"}],"wp:attachment":[{"href":"https:\/\/www.pfadfinder-ms.de\/index.php?rest_route=%2Fwp%2Fv2%2Fmedia&parent=27"}],"curies":[{"name":"wp","href":"https:\/\/api.w.org\/{rel}","templated":true}]}}