{"id":291,"date":"2021-05-11T11:36:45","date_gmt":"2021-05-11T09:36:45","guid":{"rendered":"https:\/\/www.pfadfinder-ms.de\/?page_id=291"},"modified":"2025-03-13T20:16:05","modified_gmt":"2025-03-13T19:16:05","slug":"mit-machen","status":"publish","type":"page","link":"https:\/\/www.pfadfinder-ms.de\/?page_id=291","title":{"rendered":"Mitmachen"},"content":{"rendered":"\n<p>Du wei\u00dft noch nicht, ob du Lust auf die Pfadfinderei hast oder fragst Dich, was wir eigentlich machen? Dann bist Du hier genau richtig. Wenn du schon wei\u00dft, dass Du auf jeden fall mimmachen m\u00f6chtest, dann kicke <a data-type=\"URL\" data-id=\"https:\/\/www.pfadfinder-ms.de\/?page_id=63\" href=\"https:\/\/www.pfadfinder-ms.de\/?page_id=63\">hier<\/a>, um unsere <a data-type=\"URL\" data-id=\"https:\/\/www.pfadfinder-ms.de\/?page_id=63\" href=\"https:\/\/www.pfadfinder-ms.de\/?page_id=63\">Gruppen<\/a> kennen zu lernen oder um unsere <a data-type=\"URL\" data-id=\"https:\/\/www.pfadfinder-ms.de\/?page_id=64\" href=\"https:\/\/www.pfadfinder-ms.de\/?page_id=64\">Gruppenf\u00fchrungen<\/a> zu <a data-type=\"URL\" data-id=\"https:\/\/www.pfadfinder-ms.de\/?page_id=64\" href=\"https:\/\/www.pfadfinder-ms.de\/?page_id=64\">kontaktieren<\/a>. Schreibe gerne auch direkt eine E-Mail an Info@pfdadfinder-ms.de oder kontaktiere uns per WhatsApp oder Telefon: +49 178 6860817 <\/p>\n\n\n\n<p><\/p>\n\n\n\n<h3 class=\"wp-block-heading\">Was machen Pfadfinder eigentlich?<\/h3>\n\n\n\n<p>Wir tragen Kluft und Halstuch, schlafen in Zelten, singen am Lagerfeuer und gehen mit Sack und Pack wandern.<\/p>\n\n\n\n<p>Pfadfinder eben, aber keine Urzeitmenschen. Wir leben also weder im Wald, noch essen wir W\u00fcrmer. Mit den Vermutungen, dass wir regelm\u00e4\u00dfig B\u00e4ume umarmen, allj\u00e4hrlich Kekse an der Haust\u00fcr verkaufen, dass bei uns die J\u00fcngeren von den \u00c4lteren getriezt werden oder dass wir militaristisch organisiert sind, liegt man genauso daneben.<\/p>\n\n\n\n<p>Auch der Alltag hat seine guten Seiten. Jede Woche geht es in die Gruppenstunde: zum gemeinsamen Spielen, Bauen, Singen, Erkunden, Organisieren \u2013 oder einfach zum Beisammensein. In der Gruppenstunde entwickeln sich Freundschaft und Gemeinschaft.<\/p>\n\n\n\n<p>Auf internationalen Lagern lernen wir neue Freunde kennen. Wir entwickeln Verst\u00e4ndnis f\u00fcr andere L\u00e4nder und Kulturen, indem wir ein Land nicht nur bereisen, sondern erkunden.<\/p>\n\n\n\n<p>Nat\u00fcrlich sind wir gern drau\u00dfen und auch dann, wenn mal nicht so gutes Wetter ist. Wir sind ja schlie\u00dflich nicht aus Zucker!<\/p>\n\n\n\n<p>Es stimmt auch, dass wir gerne mit Sack und Pack wandern gehen, auf dem Feuer unser Essen kochen und abends im Zelt Lieder tr\u00e4llern. Auch der Satz \u201eJeden Tag eine gute Tat\u201c ist uns nicht unbekannt&nbsp; noch viel bekannter ist uns jedoch, unser Tun und Handeln nach den Pfadfinderregeln zu auszurichten.<\/p>\n\n\n\n<p>Aber vor allem haben wir zusammen eigentlich immer Spa\u00df &#8211; egal wie schlecht das Wetter ist, wo wir grade sind oder was wir machen!<\/p>\n\n\n\n<p>Im Stamm leitet die Jugend die Jugend. Dabei ist es unser Ziel, die Kinder und Jugendlichen bei der Entwicklung von sozialen, intellektuellen, musischen, geistlichen und physischen F\u00e4higkeiten zu f\u00f6rdern und zu unterst\u00fctzen und sie zu selbstst\u00e4ndigen, verantwortungsbewussten, engagierten und kritischen Menschen zu erziehen.<\/p>\n\n\n\n<h3 class=\"wp-block-heading\">Was hei\u00dft es mitzumachen?<\/h3>\n\n\n\n<p>Da wir ein Verein sind, kommen wir leider nicht um einen Jahresbeitrag f\u00fcr Versicherung, Werbung, Miete, Bastel- und Zeltmaterial sowie Kosten, die unsere Landes- und Bundesgesch\u00e4ftsstelle verursachen, drumherum. Aktuell bel\u00e4uft sich dieser pro Mitglied auf eine H\u00f6he von 75\u20ac. Im unten verlinkten Willkommensbrief findet Ihr alle Infos dazu auch nochmal zusammengefasst. <\/p>\n\n\n\n<div class=\"wp-block-columns are-vertically-aligned-center is-layout-flex wp-container-core-columns-is-layout-9d6595d7 wp-block-columns-is-layout-flex\">\n<div class=\"wp-block-column is-vertically-aligned-center is-layout-flow wp-block-column-is-layout-flow\" style=\"flex-basis:100%\">\n<div class=\"wp-block-group\"><div class=\"wp-block-group__inner-container is-layout-flow wp-block-group-is-layout-flow\">\n<div data-wp-interactive=\"core\/file\" class=\"wp-block-file aligncenter\"><object data-wp-bind--hidden=\"!state.hasPdfPreview\" hidden class=\"wp-block-file__embed\" data=\"https:\/\/www.pfadfinder-ms.de\/wp-content\/uploads\/2023\/06\/Willkommensbrief-bunt-Vollstaendig-06.06.2023.pdf\" type=\"application\/pdf\" style=\"width:100%;height:1140px\" aria-label=\"Einbettung von Willkommensbrief Stamm totila.\"><\/object><a id=\"wp-block-file--media-60603ebc-899a-4af8-aa2a-2deb9b46ee3d\" href=\"https:\/\/www.pfadfinder-ms.de\/wp-content\/uploads\/2023\/06\/Willkommensbrief-bunt-Vollstaendig-06.06.2023.pdf\">Willkommensbrief Stamm totila<\/a><a href=\"https:\/\/www.pfadfinder-ms.de\/wp-content\/uploads\/2023\/06\/Willkommensbrief-bunt-Vollstaendig-06.06.2023.pdf\" class=\"wp-block-file__button wp-element-button\" download aria-describedby=\"wp-block-file--media-60603ebc-899a-4af8-aa2a-2deb9b46ee3d\">Herunterladen<\/a><\/div>\n<\/div><\/div>\n<\/div>\n<\/div>\n\n\n\n<h3 class=\"wp-block-heading\">Warum eine Kluft?<\/h3>\n\n\n\n<p>Sie ist neben dem Halstuch das \u00e4u\u00dfere Erkennungsmerkmal der Pfadfinder*innen. Wir sind durch unser Auftreten unverwechselbar und bilden nach au\u00dfen eine erkennbar zusammengeh\u00f6rige Gruppe. Doch auch f\u00fcr uns als Pfadfinder*innen gibt es noch weitere Gr\u00fcnde, Kluft zu tragen. Das Gemeinschaftsgef\u00fchl steigt stark, da \u00e4u\u00dferliche Unterschiede durch das Hemd nicht m\u00f6glich sind. Wir bekennen uns sichtbar zu der Gemeinschaft und tragen gleichzeitig ein praktisches und robustes Baumwollhemd, was f\u00fcr jeden Einsatz geeignet ist. Um uns doch untereinander noch ein wenig auseinander halten zu k\u00f6nnen, tragen wir verschieden Halst\u00fccher und jeder Stamm hat sein eigenes Wappen!<\/p>\n\n\n\n<div class=\"wp-block-media-text alignwide is-stacked-on-mobile\" style=\"grid-template-columns:31% auto\"><figure class=\"wp-block-media-text__media\"><img loading=\"lazy\" decoding=\"async\" width=\"309\" height=\"352\" src=\"https:\/\/www.pfadfinder-ms.de\/wp-content\/uploads\/2021\/04\/WhatsApp-Image-2020-12-15-at-16.35.47--e1619112772453.jpg\" alt=\"\" class=\"wp-image-236 size-full\" srcset=\"https:\/\/www.pfadfinder-ms.de\/wp-content\/uploads\/2021\/04\/WhatsApp-Image-2020-12-15-at-16.35.47--e1619112772453.jpg 309w, https:\/\/www.pfadfinder-ms.de\/wp-content\/uploads\/2021\/04\/WhatsApp-Image-2020-12-15-at-16.35.47--e1619112772453-263x300.jpg 263w\" sizes=\"auto, (max-width: 309px) 100vw, 309px\" \/><\/figure><div class=\"wp-block-media-text__content\">\n<h3 class=\"wp-block-heading\">Das Stammeswappen<\/h3>\n\n\n\n<p>Bei uns haben wir einen Adler auf wei\u00dfem Grund und unseren Namen. Es ist ein eher schlichtes Wappen ohne auff\u00e4llige Farben und Formen.<\/p>\n<\/div><\/div>\n\n\n\n<div class=\"wp-block-media-text alignwide has-media-on-the-right is-stacked-on-mobile\" style=\"grid-template-columns:auto 45%\"><div class=\"wp-block-media-text__content\">\n<h3 class=\"wp-block-heading\">Das gelbe Halstuch<\/h3>\n\n\n\n<p>&#8230; ist mit dem <a data-type=\"URL\" data-id=\"https:\/\/www.pfadfinder-ms.de\/?page_id=63\" href=\"https:\/\/www.pfadfinder-ms.de\/?page_id=63\">Wolfskopf<\/a> das Erkennungszeichen f\u00fcr alle Mitglieder der Meute &#8211; also die W\u00f6lflinge und ihre Gruppenf\u00fchrer*innen. <\/p>\n<\/div><figure class=\"wp-block-media-text__media\"><img loading=\"lazy\" decoding=\"async\" width=\"595\" height=\"343\" src=\"https:\/\/www.pfadfinder-ms.de\/wp-content\/uploads\/2021\/05\/wolfhals.png\" alt=\"\" class=\"wp-image-301 size-full\" srcset=\"https:\/\/www.pfadfinder-ms.de\/wp-content\/uploads\/2021\/05\/wolfhals.png 595w, https:\/\/www.pfadfinder-ms.de\/wp-content\/uploads\/2021\/05\/wolfhals-300x173.png 300w\" sizes=\"auto, (max-width: 595px) 100vw, 595px\" \/><\/figure><\/div>\n\n\n\n<div class=\"wp-block-media-text alignwide is-stacked-on-mobile\" style=\"grid-template-columns:41% auto\"><figure class=\"wp-block-media-text__media\"><img loading=\"lazy\" decoding=\"async\" width=\"287\" height=\"175\" src=\"https:\/\/www.pfadfinder-ms.de\/wp-content\/uploads\/2021\/05\/Download.jpg\" alt=\"\" class=\"wp-image-303 size-full\"\/><\/figure><div class=\"wp-block-media-text__content\">\n<h3 class=\"wp-block-heading\">Das blaugelbe Halstuch<\/h3>\n\n\n\n<p>&#8230; ist das Erkennungszeichen der Pfadfinderstufe und wir in Kombination mit der Kleeblatt und Lilie = <a data-type=\"URL\" data-id=\"https:\/\/www.pfadfinder-ms.de\/?page_id=63\" href=\"https:\/\/www.pfadfinder-ms.de\/?page_id=63\">Klilie<\/a> getragen. Zus\u00e4tzlich repr\u00e4sentiert es auch noch unsere Bundesfarben &#8211; n\u00e4mlich Gelb auf Blau.  <\/p>\n<\/div><\/div>\n\n\n\n<p><\/p>\n","protected":false},"excerpt":{"rendered":"<p>Du wei\u00dft noch nicht, ob du Lust auf die Pfadfinderei hast oder fragst Dich, was wir eigentlich machen? Dann bist Du hier genau richtig. Wenn du schon wei\u00dft, dass Du auf jeden fall mimmachen m\u00f6chtest, dann kicke hier, um unsere Gruppen kennen zu lernen oder um unsere Gruppenf\u00fchrungen zu kontaktieren. Schreibe gerne auch direkt eine [&hellip;]<\/p>\n","protected":false},"author":1,"featured_media":865,"parent":0,"menu_order":0,"comment_status":"closed","ping_status":"closed","template":"","meta":{"footnotes":""},"class_list":["post-291","page","type-page","status-publish","has-post-thumbnail","hentry"],"yoast_head":"<!-- This site is optimized with the Yoast SEO plugin v24.6 - https:\/\/yoast.com\/wordpress\/plugins\/seo\/ -->\n<title>Mitmachen - BdP Stamm `totila\u00b4<\/title>\n<meta name=\"robots\" content=\"index, follow, max-snippet:-1, max-image-preview:large, max-video-preview:-1\" \/>\n<link rel=\"canonical\" href=\"https:\/\/www.pfadfinder-ms.de\/?page_id=291\" \/>\n<meta property=\"og:locale\" content=\"de_DE\" \/>\n<meta property=\"og:type\" content=\"article\" \/>\n<meta property=\"og:title\" content=\"Mitmachen - BdP Stamm `totila\u00b4\" \/>\n<meta property=\"og:description\" content=\"Du wei\u00dft noch nicht, ob du Lust auf die Pfadfinderei hast oder fragst Dich, was wir eigentlich machen? Dann bist Du hier genau richtig. Wenn du schon wei\u00dft, dass Du auf jeden fall mimmachen m\u00f6chtest, dann kicke hier, um unsere Gruppen kennen zu lernen oder um unsere Gruppenf\u00fchrungen zu kontaktieren. Schreibe gerne auch direkt eine [&hellip;]\" \/>\n<meta property=\"og:url\" content=\"https:\/\/www.pfadfinder-ms.de\/?page_id=291\" \/>\n<meta property=\"og:site_name\" content=\"BdP Stamm `totila\u00b4\" \/>\n<meta property=\"article:modified_time\" content=\"2025-03-13T19:16:05+00:00\" \/>\n<meta property=\"og:image\" content=\"https:\/\/www.pfadfinder-ms.de\/wp-content\/uploads\/2025\/03\/DSC3452-scaled.jpg\" \/>\n\t<meta property=\"og:image:width\" content=\"1704\" \/>\n\t<meta property=\"og:image:height\" content=\"2560\" \/>\n\t<meta property=\"og:image:type\" content=\"image\/jpeg\" \/>\n<meta name=\"twitter:card\" content=\"summary_large_image\" \/>\n<meta name=\"twitter:label1\" content=\"Gesch\u00e4tzte Lesezeit\" \/>\n\t<meta name=\"twitter:data1\" content=\"4\u00a0Minuten\" \/>\n<script type=\"application\/ld+json\" class=\"yoast-schema-graph\">{\"@context\":\"https:\/\/schema.org\",\"@graph\":[{\"@type\":\"WebPage\",\"@id\":\"https:\/\/www.pfadfinder-ms.de\/?page_id=291\",\"url\":\"https:\/\/www.pfadfinder-ms.de\/?page_id=291\",\"name\":\"Mitmachen - BdP Stamm `totila\u00b4\",\"isPartOf\":{\"@id\":\"https:\/\/www.pfadfinder-ms.de\/#website\"},\"primaryImageOfPage\":{\"@id\":\"https:\/\/www.pfadfinder-ms.de\/?page_id=291#primaryimage\"},\"image\":{\"@id\":\"https:\/\/www.pfadfinder-ms.de\/?page_id=291#primaryimage\"},\"thumbnailUrl\":\"https:\/\/www.pfadfinder-ms.de\/wp-content\/uploads\/2025\/03\/DSC3452-scaled.jpg\",\"datePublished\":\"2021-05-11T09:36:45+00:00\",\"dateModified\":\"2025-03-13T19:16:05+00:00\",\"breadcrumb\":{\"@id\":\"https:\/\/www.pfadfinder-ms.de\/?page_id=291#breadcrumb\"},\"inLanguage\":\"de\",\"potentialAction\":[{\"@type\":\"ReadAction\",\"target\":[\"https:\/\/www.pfadfinder-ms.de\/?page_id=291\"]}]},{\"@type\":\"ImageObject\",\"inLanguage\":\"de\",\"@id\":\"https:\/\/www.pfadfinder-ms.de\/?page_id=291#primaryimage\",\"url\":\"https:\/\/www.pfadfinder-ms.de\/wp-content\/uploads\/2025\/03\/DSC3452-scaled.jpg\",\"contentUrl\":\"https:\/\/www.pfadfinder-ms.de\/wp-content\/uploads\/2025\/03\/DSC3452-scaled.jpg\",\"width\":1704,\"height\":2560},{\"@type\":\"BreadcrumbList\",\"@id\":\"https:\/\/www.pfadfinder-ms.de\/?page_id=291#breadcrumb\",\"itemListElement\":[{\"@type\":\"ListItem\",\"position\":1,\"name\":\"Startseite\",\"item\":\"https:\/\/www.pfadfinder-ms.de\/\"},{\"@type\":\"ListItem\",\"position\":2,\"name\":\"Mitmachen\"}]},{\"@type\":\"WebSite\",\"@id\":\"https:\/\/www.pfadfinder-ms.de\/#website\",\"url\":\"https:\/\/www.pfadfinder-ms.de\/\",\"name\":\"BdP Stamm `totila\u00b4\",\"description\":\"Aktionsberichte\",\"potentialAction\":[{\"@type\":\"SearchAction\",\"target\":{\"@type\":\"EntryPoint\",\"urlTemplate\":\"https:\/\/www.pfadfinder-ms.de\/?s={search_term_string}\"},\"query-input\":{\"@type\":\"PropertyValueSpecification\",\"valueRequired\":true,\"valueName\":\"search_term_string\"}}],\"inLanguage\":\"de\"}]}<\/script>\n<!-- \/ Yoast SEO plugin. -->","yoast_head_json":{"title":"Mitmachen - BdP Stamm `totila\u00b4","robots":{"index":"index","follow":"follow","max-snippet":"max-snippet:-1","max-image-preview":"max-image-preview:large","max-video-preview":"max-video-preview:-1"},"canonical":"https:\/\/www.pfadfinder-ms.de\/?page_id=291","og_locale":"de_DE","og_type":"article","og_title":"Mitmachen - BdP Stamm `totila\u00b4","og_description":"Du wei\u00dft noch nicht, ob du Lust auf die Pfadfinderei hast oder fragst Dich, was wir eigentlich machen? Dann bist Du hier genau richtig. Wenn du schon wei\u00dft, dass Du auf jeden fall mimmachen m\u00f6chtest, dann kicke hier, um unsere Gruppen kennen zu lernen oder um unsere Gruppenf\u00fchrungen zu kontaktieren. Schreibe gerne auch direkt eine [&hellip;]","og_url":"https:\/\/www.pfadfinder-ms.de\/?page_id=291","og_site_name":"BdP Stamm `totila\u00b4","article_modified_time":"2025-03-13T19:16:05+00:00","og_image":[{"width":1704,"height":2560,"url":"https:\/\/www.pfadfinder-ms.de\/wp-content\/uploads\/2025\/03\/DSC3452-scaled.jpg","type":"image\/jpeg"}],"twitter_card":"summary_large_image","twitter_misc":{"Gesch\u00e4tzte Lesezeit":"4\u00a0Minuten"},"schema":{"@context":"https:\/\/schema.org","@graph":[{"@type":"WebPage","@id":"https:\/\/www.pfadfinder-ms.de\/?page_id=291","url":"https:\/\/www.pfadfinder-ms.de\/?page_id=291","name":"Mitmachen - BdP Stamm `totila\u00b4","isPartOf":{"@id":"https:\/\/www.pfadfinder-ms.de\/#website"},"primaryImageOfPage":{"@id":"https:\/\/www.pfadfinder-ms.de\/?page_id=291#primaryimage"},"image":{"@id":"https:\/\/www.pfadfinder-ms.de\/?page_id=291#primaryimage"},"thumbnailUrl":"https:\/\/www.pfadfinder-ms.de\/wp-content\/uploads\/2025\/03\/DSC3452-scaled.jpg","datePublished":"2021-05-11T09:36:45+00:00","dateModified":"2025-03-13T19:16:05+00:00","breadcrumb":{"@id":"https:\/\/www.pfadfinder-ms.de\/?page_id=291#breadcrumb"},"inLanguage":"de","potentialAction":[{"@type":"ReadAction","target":["https:\/\/www.pfadfinder-ms.de\/?page_id=291"]}]},{"@type":"ImageObject","inLanguage":"de","@id":"https:\/\/www.pfadfinder-ms.de\/?page_id=291#primaryimage","url":"https:\/\/www.pfadfinder-ms.de\/wp-content\/uploads\/2025\/03\/DSC3452-scaled.jpg","contentUrl":"https:\/\/www.pfadfinder-ms.de\/wp-content\/uploads\/2025\/03\/DSC3452-scaled.jpg","width":1704,"height":2560},{"@type":"BreadcrumbList","@id":"https:\/\/www.pfadfinder-ms.de\/?page_id=291#breadcrumb","itemListElement":[{"@type":"ListItem","position":1,"name":"Startseite","item":"https:\/\/www.pfadfinder-ms.de\/"},{"@type":"ListItem","position":2,"name":"Mitmachen"}]},{"@type":"WebSite","@id":"https:\/\/www.pfadfinder-ms.de\/#website","url":"https:\/\/www.pfadfinder-ms.de\/","name":"BdP Stamm `totila\u00b4","description":"Aktionsberichte","potentialAction":[{"@type":"SearchAction","target":{"@type":"EntryPoint","urlTemplate":"https:\/\/www.pfadfinder-ms.de\/?s={search_term_string}"},"query-input":{"@type":"PropertyValueSpecification","valueRequired":true,"valueName":"search_term_string"}}],"inLanguage":"de"}]}},"_links":{"self":[{"href":"https:\/\/www.pfadfinder-ms.de\/index.php?rest_route=\/wp\/v2\/pages\/291","targetHints":{"allow":["GET"]}}],"collection":[{"href":"https:\/\/www.pfadfinder-ms.de\/index.php?rest_route=\/wp\/v2\/pages"}],"about":[{"href":"https:\/\/www.pfadfinder-ms.de\/index.php?rest_route=\/wp\/v2\/types\/page"}],"author":[{"embeddable":true,"href":"https:\/\/www.pfadfinder-ms.de\/index.php?rest_route=\/wp\/v2\/users\/1"}],"replies":[{"embeddable":true,"href":"https:\/\/www.pfadfinder-ms.de\/index.php?rest_route=%2Fwp%2Fv2%2Fcomments&post=291"}],"version-history":[{"count":24,"href":"https:\/\/www.pfadfinder-ms.de\/index.php?rest_route=\/wp\/v2\/pages\/291\/revisions"}],"predecessor-version":[{"id":656,"href":"https:\/\/www.pfadfinder-ms.de\/index.php?rest_route=\/wp\/v2\/pages\/291\/revisions\/656"}],"wp:featuredmedia":[{"embeddable":true,"href":"https:\/\/www.pfadfinder-ms.de\/index.php?rest_route=\/wp\/v2\/media\/865"}],"wp:attachment":[{"href":"https:\/\/www.pfadfinder-ms.de\/index.php?rest_route=%2Fwp%2Fv2%2Fmedia&parent=291"}],"curies":[{"name":"wp","href":"https:\/\/api.w.org\/{rel}","templated":true}]}}