{"id":365,"date":"2021-06-11T11:38:47","date_gmt":"2021-06-11T09:38:47","guid":{"rendered":"https:\/\/www.pfadfinder-ms.de\/?page_id=365"},"modified":"2026-05-05T09:14:49","modified_gmt":"2026-05-05T07:14:49","slug":"meute-joveler-kailof","status":"publish","type":"page","link":"https:\/\/www.pfadfinder-ms.de\/?page_id=365","title":{"rendered":"Meute Jovler Kailof"},"content":{"rendered":"\n<p>Hallo,<\/p>\n\n\n\n<p>wir sind die Meute Jovler Kailof.<\/p>\n\n\n\n<p>In unseren Gruppenstunden sind wir mit vielen Kindern meist drau\u00dfen und erleben das ein oder andere kleine und gro\u00dfe Abenteuer. Wir erkunden die Natur, basteln und spielen. Manchmal helfen wir auch Prinzessinnen (oder Prinzen) in Not oder werden zu \u201eechten\u201c Wikinger*innen und bereisen so die ganze Welt.<\/p>\n\n\n\n<p>Au\u00dferhalb der w\u00f6chentlichen Gruppenstunden veranstalten wir mehrmals im Jahr Wochenenden, bei denen wir mit anderen W\u00f6lflingen, dem Stamm oder auch nur als Meute verreisen um Neues zu entdecken oder in spannende Geschichten einzutauchen.<\/p>\n\n\n\n<p><\/p>\n\n\n\n<p>Obwohl wir die Kleinsten sind, haben wir immer den gr\u00f6\u00dften Spa\u00df!<\/p>\n\n\n\n<p><\/p>\n\n\n\n<p><\/p>\n\n\n\n<h3 class=\"wp-block-heading\">Unsere Erkennungszeichen sind: <\/h3>\n\n\n\n<div class=\"wp-block-media-text alignwide is-stacked-on-mobile\"><figure class=\"wp-block-media-text__media\"><img loading=\"lazy\" decoding=\"async\" width=\"595\" height=\"343\" src=\"https:\/\/www.pfadfinder-ms.de\/wp-content\/uploads\/2021\/05\/wolfhals.png\" alt=\"\" class=\"wp-image-301 size-full\" srcset=\"https:\/\/www.pfadfinder-ms.de\/wp-content\/uploads\/2021\/05\/wolfhals.png 595w, https:\/\/www.pfadfinder-ms.de\/wp-content\/uploads\/2021\/05\/wolfhals-300x173.png 300w\" sizes=\"auto, (max-width: 595px) 100vw, 595px\" \/><\/figure><div class=\"wp-block-media-text__content\">\n<p style=\"font-size:30px\">Das Gelbe Halstuch <\/p>\n<\/div><\/div>\n\n\n\n<div class=\"wp-block-media-text alignwide has-media-on-the-right is-stacked-on-mobile\" style=\"grid-template-columns:auto 36%\"><div class=\"wp-block-media-text__content\">\n<p style=\"font-size:30px\">und der Wolfskopf<\/p>\n<\/div><figure class=\"wp-block-media-text__media\"><img loading=\"lazy\" decoding=\"async\" width=\"694\" height=\"706\" src=\"https:\/\/www.pfadfinder-ms.de\/wp-content\/uploads\/2021\/04\/Screen-Shot-2021-04-21-at-15.48.49.png\" alt=\"\" class=\"wp-image-132 size-full\" srcset=\"https:\/\/www.pfadfinder-ms.de\/wp-content\/uploads\/2021\/04\/Screen-Shot-2021-04-21-at-15.48.49.png 694w, https:\/\/www.pfadfinder-ms.de\/wp-content\/uploads\/2021\/04\/Screen-Shot-2021-04-21-at-15.48.49-295x300.png 295w\" sizes=\"auto, (max-width: 694px) 100vw, 694px\" \/><\/figure><\/div>\n\n\n\n<p>Wenn du Interesse bekommen hast, dann schreib uns einfach eine E-Mail an\u00a0<a href=\"mailto:Meute@pfadfinder-ms.de\">Meute@pfadfinder-ms.de<\/a>\u00a0oder komm einfach zur <a href=\"https:\/\/www.pfadfinder-ms.de\/?page_id=63\">Gruppenstunde<\/a>. <\/p>\n\n\n\n<p>Wir treffen uns jeden Montag von 17:30-19:00 Uhr an unserem <a href=\"https:\/\/www.pfadfinder-ms.de\/?page_id=68\">Stammes Heim<\/a><\/p>\n\n\n\n<p>Gut Jagd,<\/p>\n\n\n\n<p>Zora, Pfote, Tibrie, Tornado<\/p>\n","protected":false},"excerpt":{"rendered":"<p>Hallo, wir sind die Meute Jovler Kailof. In unseren Gruppenstunden sind wir mit vielen Kindern meist drau\u00dfen und erleben das ein oder andere kleine und gro\u00dfe Abenteuer. Wir erkunden die Natur, basteln und spielen. Manchmal helfen wir auch Prinzessinnen (oder Prinzen) in Not oder werden zu \u201eechten\u201c Wikinger*innen und bereisen so die ganze Welt. Au\u00dferhalb [&hellip;]<\/p>\n","protected":false},"author":1,"featured_media":976,"parent":0,"menu_order":0,"comment_status":"closed","ping_status":"closed","template":"","meta":{"footnotes":""},"class_list":["post-365","page","type-page","status-publish","has-post-thumbnail","hentry"],"yoast_head":"<!-- This site is optimized with the Yoast SEO plugin v24.6 - https:\/\/yoast.com\/wordpress\/plugins\/seo\/ -->\n<title>Meute Jovler Kailof - BdP Stamm `totila\u00b4<\/title>\n<meta name=\"description\" content=\"Hallo wir sind die Meute Jovler Kailof, in unseren Gruppenstunden sind wir Mit vielen anderen kindern meist drau\u00dfen und erleben das ein oder andere kleinen und gro\u00dfe Abenteuer wir erkunden die Natur, basteln und spielen manchmal helfen wir auch Prinzessinnen in not oder werden zu echten Wikingern und bereisen die ganze Welt. Wenn du Interesse bekommen hast dann schreib uns einfach eine E-Mail an Meute@pfadfinder-ms.de oder komm einfach zur Gruppenstunde.\" \/>\n<meta name=\"robots\" content=\"index, follow, max-snippet:-1, max-image-preview:large, max-video-preview:-1\" \/>\n<link rel=\"canonical\" href=\"https:\/\/www.pfadfinder-ms.de\/?page_id=365\" \/>\n<meta property=\"og:locale\" content=\"de_DE\" \/>\n<meta property=\"og:type\" content=\"article\" \/>\n<meta property=\"og:title\" content=\"Meute Jovler Kailof - BdP Stamm `totila\u00b4\" \/>\n<meta property=\"og:description\" content=\"Hallo wir sind die Meute Jovler Kailof, in unseren Gruppenstunden sind wir Mit vielen anderen kindern meist drau\u00dfen und erleben das ein oder andere kleinen und gro\u00dfe Abenteuer wir erkunden die Natur, basteln und spielen manchmal helfen wir auch Prinzessinnen in not oder werden zu echten Wikingern und bereisen die ganze Welt. Wenn du Interesse bekommen hast dann schreib uns einfach eine E-Mail an Meute@pfadfinder-ms.de oder komm einfach zur Gruppenstunde.\" \/>\n<meta property=\"og:url\" content=\"https:\/\/www.pfadfinder-ms.de\/?page_id=365\" \/>\n<meta property=\"og:site_name\" content=\"BdP Stamm `totila\u00b4\" \/>\n<meta property=\"article:modified_time\" content=\"2026-05-05T07:14:49+00:00\" \/>\n<meta property=\"og:image\" content=\"https:\/\/www.pfadfinder-ms.de\/wp-content\/uploads\/2025\/10\/DSC3336-scaled-e1760039772463.jpg\" \/>\n\t<meta property=\"og:image:width\" content=\"1702\" \/>\n\t<meta property=\"og:image:height\" content=\"1320\" \/>\n\t<meta property=\"og:image:type\" content=\"image\/jpeg\" \/>\n<meta name=\"twitter:card\" content=\"summary_large_image\" \/>\n<meta name=\"twitter:label1\" content=\"Gesch\u00e4tzte Lesezeit\" \/>\n\t<meta name=\"twitter:data1\" content=\"2\u00a0Minuten\" \/>\n<script type=\"application\/ld+json\" class=\"yoast-schema-graph\">{\"@context\":\"https:\/\/schema.org\",\"@graph\":[{\"@type\":\"WebPage\",\"@id\":\"https:\/\/www.pfadfinder-ms.de\/?page_id=365\",\"url\":\"https:\/\/www.pfadfinder-ms.de\/?page_id=365\",\"name\":\"Meute Jovler Kailof - BdP Stamm `totila\u00b4\",\"isPartOf\":{\"@id\":\"https:\/\/www.pfadfinder-ms.de\/#website\"},\"primaryImageOfPage\":{\"@id\":\"https:\/\/www.pfadfinder-ms.de\/?page_id=365#primaryimage\"},\"image\":{\"@id\":\"https:\/\/www.pfadfinder-ms.de\/?page_id=365#primaryimage\"},\"thumbnailUrl\":\"https:\/\/www.pfadfinder-ms.de\/wp-content\/uploads\/2025\/10\/DSC3336-scaled-e1760039772463.jpg\",\"datePublished\":\"2021-06-11T09:38:47+00:00\",\"dateModified\":\"2026-05-05T07:14:49+00:00\",\"description\":\"Hallo wir sind die Meute Jovler Kailof, in unseren Gruppenstunden sind wir Mit vielen anderen kindern meist drau\u00dfen und erleben das ein oder andere kleinen und gro\u00dfe Abenteuer wir erkunden die Natur, basteln und spielen manchmal helfen wir auch Prinzessinnen in not oder werden zu echten Wikingern und bereisen die ganze Welt. Wenn du Interesse bekommen hast dann schreib uns einfach eine E-Mail an Meute@pfadfinder-ms.de oder komm einfach zur Gruppenstunde.\",\"breadcrumb\":{\"@id\":\"https:\/\/www.pfadfinder-ms.de\/?page_id=365#breadcrumb\"},\"inLanguage\":\"de\",\"potentialAction\":[{\"@type\":\"ReadAction\",\"target\":[\"https:\/\/www.pfadfinder-ms.de\/?page_id=365\"]}]},{\"@type\":\"ImageObject\",\"inLanguage\":\"de\",\"@id\":\"https:\/\/www.pfadfinder-ms.de\/?page_id=365#primaryimage\",\"url\":\"https:\/\/www.pfadfinder-ms.de\/wp-content\/uploads\/2025\/10\/DSC3336-scaled-e1760039772463.jpg\",\"contentUrl\":\"https:\/\/www.pfadfinder-ms.de\/wp-content\/uploads\/2025\/10\/DSC3336-scaled-e1760039772463.jpg\",\"width\":1702,\"height\":1320},{\"@type\":\"BreadcrumbList\",\"@id\":\"https:\/\/www.pfadfinder-ms.de\/?page_id=365#breadcrumb\",\"itemListElement\":[{\"@type\":\"ListItem\",\"position\":1,\"name\":\"Startseite\",\"item\":\"https:\/\/www.pfadfinder-ms.de\/\"},{\"@type\":\"ListItem\",\"position\":2,\"name\":\"Meute Jovler Kailof\"}]},{\"@type\":\"WebSite\",\"@id\":\"https:\/\/www.pfadfinder-ms.de\/#website\",\"url\":\"https:\/\/www.pfadfinder-ms.de\/\",\"name\":\"BdP Stamm `totila\u00b4\",\"description\":\"Aktionsberichte\",\"potentialAction\":[{\"@type\":\"SearchAction\",\"target\":{\"@type\":\"EntryPoint\",\"urlTemplate\":\"https:\/\/www.pfadfinder-ms.de\/?s={search_term_string}\"},\"query-input\":{\"@type\":\"PropertyValueSpecification\",\"valueRequired\":true,\"valueName\":\"search_term_string\"}}],\"inLanguage\":\"de\"}]}<\/script>\n<!-- \/ Yoast SEO plugin. -->","yoast_head_json":{"title":"Meute Jovler Kailof - BdP Stamm `totila\u00b4","description":"Hallo wir sind die Meute Jovler Kailof, in unseren Gruppenstunden sind wir Mit vielen anderen kindern meist drau\u00dfen und erleben das ein oder andere kleinen und gro\u00dfe Abenteuer wir erkunden die Natur, basteln und spielen manchmal helfen wir auch Prinzessinnen in not oder werden zu echten Wikingern und bereisen die ganze Welt. Wenn du Interesse bekommen hast dann schreib uns einfach eine E-Mail an Meute@pfadfinder-ms.de oder komm einfach zur Gruppenstunde.","robots":{"index":"index","follow":"follow","max-snippet":"max-snippet:-1","max-image-preview":"max-image-preview:large","max-video-preview":"max-video-preview:-1"},"canonical":"https:\/\/www.pfadfinder-ms.de\/?page_id=365","og_locale":"de_DE","og_type":"article","og_title":"Meute Jovler Kailof - BdP Stamm `totila\u00b4","og_description":"Hallo wir sind die Meute Jovler Kailof, in unseren Gruppenstunden sind wir Mit vielen anderen kindern meist drau\u00dfen und erleben das ein oder andere kleinen und gro\u00dfe Abenteuer wir erkunden die Natur, basteln und spielen manchmal helfen wir auch Prinzessinnen in not oder werden zu echten Wikingern und bereisen die ganze Welt. Wenn du Interesse bekommen hast dann schreib uns einfach eine E-Mail an Meute@pfadfinder-ms.de oder komm einfach zur Gruppenstunde.","og_url":"https:\/\/www.pfadfinder-ms.de\/?page_id=365","og_site_name":"BdP Stamm `totila\u00b4","article_modified_time":"2026-05-05T07:14:49+00:00","og_image":[{"width":1702,"height":1320,"url":"https:\/\/www.pfadfinder-ms.de\/wp-content\/uploads\/2025\/10\/DSC3336-scaled-e1760039772463.jpg","type":"image\/jpeg"}],"twitter_card":"summary_large_image","twitter_misc":{"Gesch\u00e4tzte Lesezeit":"2\u00a0Minuten"},"schema":{"@context":"https:\/\/schema.org","@graph":[{"@type":"WebPage","@id":"https:\/\/www.pfadfinder-ms.de\/?page_id=365","url":"https:\/\/www.pfadfinder-ms.de\/?page_id=365","name":"Meute Jovler Kailof - BdP Stamm `totila\u00b4","isPartOf":{"@id":"https:\/\/www.pfadfinder-ms.de\/#website"},"primaryImageOfPage":{"@id":"https:\/\/www.pfadfinder-ms.de\/?page_id=365#primaryimage"},"image":{"@id":"https:\/\/www.pfadfinder-ms.de\/?page_id=365#primaryimage"},"thumbnailUrl":"https:\/\/www.pfadfinder-ms.de\/wp-content\/uploads\/2025\/10\/DSC3336-scaled-e1760039772463.jpg","datePublished":"2021-06-11T09:38:47+00:00","dateModified":"2026-05-05T07:14:49+00:00","description":"Hallo wir sind die Meute Jovler Kailof, in unseren Gruppenstunden sind wir Mit vielen anderen kindern meist drau\u00dfen und erleben das ein oder andere kleinen und gro\u00dfe Abenteuer wir erkunden die Natur, basteln und spielen manchmal helfen wir auch Prinzessinnen in not oder werden zu echten Wikingern und bereisen die ganze Welt. Wenn du Interesse bekommen hast dann schreib uns einfach eine E-Mail an Meute@pfadfinder-ms.de oder komm einfach zur Gruppenstunde.","breadcrumb":{"@id":"https:\/\/www.pfadfinder-ms.de\/?page_id=365#breadcrumb"},"inLanguage":"de","potentialAction":[{"@type":"ReadAction","target":["https:\/\/www.pfadfinder-ms.de\/?page_id=365"]}]},{"@type":"ImageObject","inLanguage":"de","@id":"https:\/\/www.pfadfinder-ms.de\/?page_id=365#primaryimage","url":"https:\/\/www.pfadfinder-ms.de\/wp-content\/uploads\/2025\/10\/DSC3336-scaled-e1760039772463.jpg","contentUrl":"https:\/\/www.pfadfinder-ms.de\/wp-content\/uploads\/2025\/10\/DSC3336-scaled-e1760039772463.jpg","width":1702,"height":1320},{"@type":"BreadcrumbList","@id":"https:\/\/www.pfadfinder-ms.de\/?page_id=365#breadcrumb","itemListElement":[{"@type":"ListItem","position":1,"name":"Startseite","item":"https:\/\/www.pfadfinder-ms.de\/"},{"@type":"ListItem","position":2,"name":"Meute Jovler Kailof"}]},{"@type":"WebSite","@id":"https:\/\/www.pfadfinder-ms.de\/#website","url":"https:\/\/www.pfadfinder-ms.de\/","name":"BdP Stamm `totila\u00b4","description":"Aktionsberichte","potentialAction":[{"@type":"SearchAction","target":{"@type":"EntryPoint","urlTemplate":"https:\/\/www.pfadfinder-ms.de\/?s={search_term_string}"},"query-input":{"@type":"PropertyValueSpecification","valueRequired":true,"valueName":"search_term_string"}}],"inLanguage":"de"}]}},"_links":{"self":[{"href":"https:\/\/www.pfadfinder-ms.de\/index.php?rest_route=\/wp\/v2\/pages\/365","targetHints":{"allow":["GET"]}}],"collection":[{"href":"https:\/\/www.pfadfinder-ms.de\/index.php?rest_route=\/wp\/v2\/pages"}],"about":[{"href":"https:\/\/www.pfadfinder-ms.de\/index.php?rest_route=\/wp\/v2\/types\/page"}],"author":[{"embeddable":true,"href":"https:\/\/www.pfadfinder-ms.de\/index.php?rest_route=\/wp\/v2\/users\/1"}],"replies":[{"embeddable":true,"href":"https:\/\/www.pfadfinder-ms.de\/index.php?rest_route=%2Fwp%2Fv2%2Fcomments&post=365"}],"version-history":[{"count":13,"href":"https:\/\/www.pfadfinder-ms.de\/index.php?rest_route=\/wp\/v2\/pages\/365\/revisions"}],"predecessor-version":[{"id":1039,"href":"https:\/\/www.pfadfinder-ms.de\/index.php?rest_route=\/wp\/v2\/pages\/365\/revisions\/1039"}],"wp:featuredmedia":[{"embeddable":true,"href":"https:\/\/www.pfadfinder-ms.de\/index.php?rest_route=\/wp\/v2\/media\/976"}],"wp:attachment":[{"href":"https:\/\/www.pfadfinder-ms.de\/index.php?rest_route=%2Fwp%2Fv2%2Fmedia&parent=365"}],"curies":[{"name":"wp","href":"https:\/\/api.w.org\/{rel}","templated":true}]}}