{"id":369,"date":"2021-06-11T11:43:39","date_gmt":"2021-06-11T09:43:39","guid":{"rendered":"https:\/\/www.pfadfinder-ms.de\/?page_id=369"},"modified":"2025-11-30T18:02:18","modified_gmt":"2025-11-30T17:02:18","slug":"sippe-fuchsia","status":"publish","type":"page","link":"https:\/\/www.pfadfinder-ms.de\/?page_id=369","title":{"rendered":"Sippe Crupina"},"content":{"rendered":"\n<p>Wir sind Sippe Crupina! Mit einer gemischten Gruppe von 11 bis 14 Jahren.<\/p>\n\n\n\n<p>Jeden Dienstag treffen wir uns von 16:30 Uhr bis 18:00 Uhr im Stammesheim. Gemeinsam erleben wir gerne Abenteuer in der Natur oder machen es uns am Kamin bei einer Tasse Tee gem\u00fctlich. Auch unsere Koch und Back K\u00fcnste fordern wir gerne mal. Spiel, Spa\u00df und Action sind dir garantiert! <\/p>\n\n\n\n<p>Du f\u00fchlst dich angesprochen?<br>Dann, komm doch gerne vorbei!<\/p>\n\n\n\n<p><\/p>\n","protected":false},"excerpt":{"rendered":"<p>Wir sind Sippe Crupina! Mit einer gemischten Gruppe von 11 bis 14 Jahren. Jeden Dienstag treffen wir uns von 16:30 Uhr bis 18:00 Uhr im Stammesheim. Gemeinsam erleben wir gerne Abenteuer in der Natur oder machen es uns am Kamin bei einer Tasse Tee gem\u00fctlich. Auch unsere Koch und Back K\u00fcnste fordern wir gerne mal. [&hellip;]<\/p>\n","protected":false},"author":1,"featured_media":496,"parent":0,"menu_order":0,"comment_status":"closed","ping_status":"closed","template":"","meta":{"footnotes":""},"class_list":["post-369","page","type-page","status-publish","has-post-thumbnail","hentry"],"yoast_head":"<!-- This site is optimized with the Yoast SEO plugin v24.6 - https:\/\/yoast.com\/wordpress\/plugins\/seo\/ -->\n<title>Sippe Crupina - BdP Stamm `totila\u00b4<\/title>\n<meta name=\"description\" content=\"Hallo wir sind die Sippe Fuchsia!Momentan sind wir sieben Sipplinge im Alter von 11-14 Jahren und wir treffen uns immerDonnerstags von 18.30-20:00 Uhr im Heim. In unseren Gruppenstunden spielen und basteln wir viel gemeinsam. Dabei sind wir oft drau\u00dfen. Wir lernen aber auch interessante Sachen z.B. wie man ein Zelt aufbaut oder Feuer macht. Ab und zu machen wir auch am Wochenende Programm und schlafen dann gemeinsam am Heim oder gehen f\u00fcr das Wochenende gemeinsam wandern. In den Pfingst- und Sommerferien finden meist gro\u00dfe Lager oder Wanderfahrten statt, wo wir gemeinsam als Sippe andere Pfadfinder aus ganz Deutschland treffen.\" \/>\n<meta name=\"robots\" content=\"index, follow, max-snippet:-1, max-image-preview:large, max-video-preview:-1\" \/>\n<link rel=\"canonical\" href=\"https:\/\/www.pfadfinder-ms.de\/?page_id=369\" \/>\n<meta property=\"og:locale\" content=\"de_DE\" \/>\n<meta property=\"og:type\" content=\"article\" \/>\n<meta property=\"og:title\" content=\"Sippe Crupina - BdP Stamm `totila\u00b4\" \/>\n<meta property=\"og:description\" content=\"Hallo wir sind die Sippe Fuchsia!Momentan sind wir sieben Sipplinge im Alter von 11-14 Jahren und wir treffen uns immerDonnerstags von 18.30-20:00 Uhr im Heim. In unseren Gruppenstunden spielen und basteln wir viel gemeinsam. Dabei sind wir oft drau\u00dfen. Wir lernen aber auch interessante Sachen z.B. wie man ein Zelt aufbaut oder Feuer macht. Ab und zu machen wir auch am Wochenende Programm und schlafen dann gemeinsam am Heim oder gehen f\u00fcr das Wochenende gemeinsam wandern. In den Pfingst- und Sommerferien finden meist gro\u00dfe Lager oder Wanderfahrten statt, wo wir gemeinsam als Sippe andere Pfadfinder aus ganz Deutschland treffen.\" \/>\n<meta property=\"og:url\" content=\"https:\/\/www.pfadfinder-ms.de\/?page_id=369\" \/>\n<meta property=\"og:site_name\" content=\"BdP Stamm `totila\u00b4\" \/>\n<meta property=\"article:modified_time\" content=\"2025-11-30T17:02:18+00:00\" \/>\n<meta property=\"og:image\" content=\"https:\/\/www.pfadfinder-ms.de\/wp-content\/uploads\/2022\/06\/Zugeschnitten-Sippe-Fuchsia-1-scaled.jpg\" \/>\n\t<meta property=\"og:image:width\" content=\"2560\" \/>\n\t<meta property=\"og:image:height\" content=\"1920\" \/>\n\t<meta property=\"og:image:type\" content=\"image\/jpeg\" \/>\n<meta name=\"twitter:card\" content=\"summary_large_image\" \/>\n<meta name=\"twitter:label1\" content=\"Gesch\u00e4tzte Lesezeit\" \/>\n\t<meta name=\"twitter:data1\" content=\"2\u00a0Minuten\" \/>\n<script type=\"application\/ld+json\" class=\"yoast-schema-graph\">{\"@context\":\"https:\/\/schema.org\",\"@graph\":[{\"@type\":\"WebPage\",\"@id\":\"https:\/\/www.pfadfinder-ms.de\/?page_id=369\",\"url\":\"https:\/\/www.pfadfinder-ms.de\/?page_id=369\",\"name\":\"Sippe Crupina - BdP Stamm `totila\u00b4\",\"isPartOf\":{\"@id\":\"https:\/\/www.pfadfinder-ms.de\/#website\"},\"primaryImageOfPage\":{\"@id\":\"https:\/\/www.pfadfinder-ms.de\/?page_id=369#primaryimage\"},\"image\":{\"@id\":\"https:\/\/www.pfadfinder-ms.de\/?page_id=369#primaryimage\"},\"thumbnailUrl\":\"https:\/\/www.pfadfinder-ms.de\/wp-content\/uploads\/2022\/06\/Zugeschnitten-Sippe-Fuchsia-1-scaled.jpg\",\"datePublished\":\"2021-06-11T09:43:39+00:00\",\"dateModified\":\"2025-11-30T17:02:18+00:00\",\"description\":\"Hallo wir sind die Sippe Fuchsia!Momentan sind wir sieben Sipplinge im Alter von 11-14 Jahren und wir treffen uns immerDonnerstags von 18.30-20:00 Uhr im Heim. In unseren Gruppenstunden spielen und basteln wir viel gemeinsam. Dabei sind wir oft drau\u00dfen. Wir lernen aber auch interessante Sachen z.B. wie man ein Zelt aufbaut oder Feuer macht. Ab und zu machen wir auch am Wochenende Programm und schlafen dann gemeinsam am Heim oder gehen f\u00fcr das Wochenende gemeinsam wandern. In den Pfingst- und Sommerferien finden meist gro\u00dfe Lager oder Wanderfahrten statt, wo wir gemeinsam als Sippe andere Pfadfinder aus ganz Deutschland treffen.\",\"breadcrumb\":{\"@id\":\"https:\/\/www.pfadfinder-ms.de\/?page_id=369#breadcrumb\"},\"inLanguage\":\"de\",\"potentialAction\":[{\"@type\":\"ReadAction\",\"target\":[\"https:\/\/www.pfadfinder-ms.de\/?page_id=369\"]}]},{\"@type\":\"ImageObject\",\"inLanguage\":\"de\",\"@id\":\"https:\/\/www.pfadfinder-ms.de\/?page_id=369#primaryimage\",\"url\":\"https:\/\/www.pfadfinder-ms.de\/wp-content\/uploads\/2022\/06\/Zugeschnitten-Sippe-Fuchsia-1-scaled.jpg\",\"contentUrl\":\"https:\/\/www.pfadfinder-ms.de\/wp-content\/uploads\/2022\/06\/Zugeschnitten-Sippe-Fuchsia-1-scaled.jpg\",\"width\":2560,\"height\":1920},{\"@type\":\"BreadcrumbList\",\"@id\":\"https:\/\/www.pfadfinder-ms.de\/?page_id=369#breadcrumb\",\"itemListElement\":[{\"@type\":\"ListItem\",\"position\":1,\"name\":\"Startseite\",\"item\":\"https:\/\/www.pfadfinder-ms.de\/\"},{\"@type\":\"ListItem\",\"position\":2,\"name\":\"Sippe Crupina\"}]},{\"@type\":\"WebSite\",\"@id\":\"https:\/\/www.pfadfinder-ms.de\/#website\",\"url\":\"https:\/\/www.pfadfinder-ms.de\/\",\"name\":\"BdP Stamm `totila\u00b4\",\"description\":\"Aktionsberichte\",\"potentialAction\":[{\"@type\":\"SearchAction\",\"target\":{\"@type\":\"EntryPoint\",\"urlTemplate\":\"https:\/\/www.pfadfinder-ms.de\/?s={search_term_string}\"},\"query-input\":{\"@type\":\"PropertyValueSpecification\",\"valueRequired\":true,\"valueName\":\"search_term_string\"}}],\"inLanguage\":\"de\"}]}<\/script>\n<!-- \/ Yoast SEO plugin. -->","yoast_head_json":{"title":"Sippe Crupina - BdP Stamm `totila\u00b4","description":"Hallo wir sind die Sippe Fuchsia!Momentan sind wir sieben Sipplinge im Alter von 11-14 Jahren und wir treffen uns immerDonnerstags von 18.30-20:00 Uhr im Heim. In unseren Gruppenstunden spielen und basteln wir viel gemeinsam. Dabei sind wir oft drau\u00dfen. Wir lernen aber auch interessante Sachen z.B. wie man ein Zelt aufbaut oder Feuer macht. Ab und zu machen wir auch am Wochenende Programm und schlafen dann gemeinsam am Heim oder gehen f\u00fcr das Wochenende gemeinsam wandern. In den Pfingst- und Sommerferien finden meist gro\u00dfe Lager oder Wanderfahrten statt, wo wir gemeinsam als Sippe andere Pfadfinder aus ganz Deutschland treffen.","robots":{"index":"index","follow":"follow","max-snippet":"max-snippet:-1","max-image-preview":"max-image-preview:large","max-video-preview":"max-video-preview:-1"},"canonical":"https:\/\/www.pfadfinder-ms.de\/?page_id=369","og_locale":"de_DE","og_type":"article","og_title":"Sippe Crupina - BdP Stamm `totila\u00b4","og_description":"Hallo wir sind die Sippe Fuchsia!Momentan sind wir sieben Sipplinge im Alter von 11-14 Jahren und wir treffen uns immerDonnerstags von 18.30-20:00 Uhr im Heim. In unseren Gruppenstunden spielen und basteln wir viel gemeinsam. Dabei sind wir oft drau\u00dfen. Wir lernen aber auch interessante Sachen z.B. wie man ein Zelt aufbaut oder Feuer macht. Ab und zu machen wir auch am Wochenende Programm und schlafen dann gemeinsam am Heim oder gehen f\u00fcr das Wochenende gemeinsam wandern. In den Pfingst- und Sommerferien finden meist gro\u00dfe Lager oder Wanderfahrten statt, wo wir gemeinsam als Sippe andere Pfadfinder aus ganz Deutschland treffen.","og_url":"https:\/\/www.pfadfinder-ms.de\/?page_id=369","og_site_name":"BdP Stamm `totila\u00b4","article_modified_time":"2025-11-30T17:02:18+00:00","og_image":[{"width":2560,"height":1920,"url":"https:\/\/www.pfadfinder-ms.de\/wp-content\/uploads\/2022\/06\/Zugeschnitten-Sippe-Fuchsia-1-scaled.jpg","type":"image\/jpeg"}],"twitter_card":"summary_large_image","twitter_misc":{"Gesch\u00e4tzte Lesezeit":"2\u00a0Minuten"},"schema":{"@context":"https:\/\/schema.org","@graph":[{"@type":"WebPage","@id":"https:\/\/www.pfadfinder-ms.de\/?page_id=369","url":"https:\/\/www.pfadfinder-ms.de\/?page_id=369","name":"Sippe Crupina - BdP Stamm `totila\u00b4","isPartOf":{"@id":"https:\/\/www.pfadfinder-ms.de\/#website"},"primaryImageOfPage":{"@id":"https:\/\/www.pfadfinder-ms.de\/?page_id=369#primaryimage"},"image":{"@id":"https:\/\/www.pfadfinder-ms.de\/?page_id=369#primaryimage"},"thumbnailUrl":"https:\/\/www.pfadfinder-ms.de\/wp-content\/uploads\/2022\/06\/Zugeschnitten-Sippe-Fuchsia-1-scaled.jpg","datePublished":"2021-06-11T09:43:39+00:00","dateModified":"2025-11-30T17:02:18+00:00","description":"Hallo wir sind die Sippe Fuchsia!Momentan sind wir sieben Sipplinge im Alter von 11-14 Jahren und wir treffen uns immerDonnerstags von 18.30-20:00 Uhr im Heim. In unseren Gruppenstunden spielen und basteln wir viel gemeinsam. Dabei sind wir oft drau\u00dfen. Wir lernen aber auch interessante Sachen z.B. wie man ein Zelt aufbaut oder Feuer macht. Ab und zu machen wir auch am Wochenende Programm und schlafen dann gemeinsam am Heim oder gehen f\u00fcr das Wochenende gemeinsam wandern. In den Pfingst- und Sommerferien finden meist gro\u00dfe Lager oder Wanderfahrten statt, wo wir gemeinsam als Sippe andere Pfadfinder aus ganz Deutschland treffen.","breadcrumb":{"@id":"https:\/\/www.pfadfinder-ms.de\/?page_id=369#breadcrumb"},"inLanguage":"de","potentialAction":[{"@type":"ReadAction","target":["https:\/\/www.pfadfinder-ms.de\/?page_id=369"]}]},{"@type":"ImageObject","inLanguage":"de","@id":"https:\/\/www.pfadfinder-ms.de\/?page_id=369#primaryimage","url":"https:\/\/www.pfadfinder-ms.de\/wp-content\/uploads\/2022\/06\/Zugeschnitten-Sippe-Fuchsia-1-scaled.jpg","contentUrl":"https:\/\/www.pfadfinder-ms.de\/wp-content\/uploads\/2022\/06\/Zugeschnitten-Sippe-Fuchsia-1-scaled.jpg","width":2560,"height":1920},{"@type":"BreadcrumbList","@id":"https:\/\/www.pfadfinder-ms.de\/?page_id=369#breadcrumb","itemListElement":[{"@type":"ListItem","position":1,"name":"Startseite","item":"https:\/\/www.pfadfinder-ms.de\/"},{"@type":"ListItem","position":2,"name":"Sippe Crupina"}]},{"@type":"WebSite","@id":"https:\/\/www.pfadfinder-ms.de\/#website","url":"https:\/\/www.pfadfinder-ms.de\/","name":"BdP Stamm `totila\u00b4","description":"Aktionsberichte","potentialAction":[{"@type":"SearchAction","target":{"@type":"EntryPoint","urlTemplate":"https:\/\/www.pfadfinder-ms.de\/?s={search_term_string}"},"query-input":{"@type":"PropertyValueSpecification","valueRequired":true,"valueName":"search_term_string"}}],"inLanguage":"de"}]}},"_links":{"self":[{"href":"https:\/\/www.pfadfinder-ms.de\/index.php?rest_route=\/wp\/v2\/pages\/369","targetHints":{"allow":["GET"]}}],"collection":[{"href":"https:\/\/www.pfadfinder-ms.de\/index.php?rest_route=\/wp\/v2\/pages"}],"about":[{"href":"https:\/\/www.pfadfinder-ms.de\/index.php?rest_route=\/wp\/v2\/types\/page"}],"author":[{"embeddable":true,"href":"https:\/\/www.pfadfinder-ms.de\/index.php?rest_route=\/wp\/v2\/users\/1"}],"replies":[{"embeddable":true,"href":"https:\/\/www.pfadfinder-ms.de\/index.php?rest_route=%2Fwp%2Fv2%2Fcomments&post=369"}],"version-history":[{"count":6,"href":"https:\/\/www.pfadfinder-ms.de\/index.php?rest_route=\/wp\/v2\/pages\/369\/revisions"}],"predecessor-version":[{"id":1020,"href":"https:\/\/www.pfadfinder-ms.de\/index.php?rest_route=\/wp\/v2\/pages\/369\/revisions\/1020"}],"wp:featuredmedia":[{"embeddable":true,"href":"https:\/\/www.pfadfinder-ms.de\/index.php?rest_route=\/wp\/v2\/media\/496"}],"wp:attachment":[{"href":"https:\/\/www.pfadfinder-ms.de\/index.php?rest_route=%2Fwp%2Fv2%2Fmedia&parent=369"}],"curies":[{"name":"wp","href":"https:\/\/api.w.org\/{rel}","templated":true}]}}