{"id":612,"date":"2023-03-05T08:58:31","date_gmt":"2023-03-05T07:58:31","guid":{"rendered":"https:\/\/www.pfadfinder-ms.de\/?page_id=612"},"modified":"2023-03-05T17:44:03","modified_gmt":"2023-03-05T16:44:03","slug":"vermitung","status":"publish","type":"page","link":"https:\/\/www.pfadfinder-ms.de\/?page_id=612","title":{"rendered":"Vermietung"},"content":{"rendered":"\n<p>Wir vermieten unser Pfadfinderheim an Jugendgruppen, die bei uns ein paar Stunden bis hin zu mehreren Tagen verbringen m\u00f6chten.<\/p>\n\n\n\n<p>Ausgeschlossen ist die Nutzung f\u00fcr Partys. Das Haus liegt sehr sch\u00f6n am Dortmund-Ems Kanal, in einem Wohngebiet mit direkt angrenzenden H\u00e4usern.<\/p>\n\n\n\n<p>Es ist mit einer kleinen K\u00fcche, Tischen und St\u00fchlen ausgestattet und somit f\u00fcr Tagungen mit etwa 10-15 Personen geeignet. Sanit\u00e4re Einrichtungen und eine Dusche sind ebenfalls vorhanden. <\/p>\n\n\n\n<p>Die \u00dcbernachtungsm\u00f6glichkeit ist auf 10 Personen begrenzt. F\u00fcr \u00dcbernachtungen und Tagungen ist das Haus mit einer K\u00fcche f\u00fcr bis zu 10-15 Personen, Tischen und St\u00fchlen sowie sanit\u00e4ren Einrichtungen und einer Dusche ausgestattet. <\/p>\n\n\n\n<p>Isomatten und Schlafs\u00e4cke m\u00fcssen mitgebracht werden, da im Haus keine Betten vorhanden sind. <\/p>\n\n\n\n<p>An unserem Kamin k\u00f6nnen gem\u00fctliche Abende verbracht werden, und im Sommer kann man im Kanal schwimmen\u00a0gehen.<\/p>\n\n\n\n<p><\/p>\n\n\n\n<h3 class=\"wp-block-heading\">Preise<\/h3>\n\n\n\n<p><strong>Die Kosten pro Nacht<\/strong><\/p>\n\n\n\n<p>50\u20ac (Mindestbelegung) f\u00fcr 1-8 Personen <\/p>\n\n\n\n<p>f\u00fcr jede weitere Person 5 \u20ac<\/p>\n\n\n\n<p>10\u20ac f\u00fcr die Nutzung des Kamines inklusive Holz  (von Oktober-M\u00e4rz Pflicht)<\/p>\n\n\n\n<p><\/p>\n\n\n\n<p><\/p>\n\n\n\n<p><strong>Buchung f\u00fcr Nachmittag oder Abend 25 \u20ac  (Keine \u00dcbernachtung)<\/strong><\/p>\n\n\n\n<p><\/p>\n\n\n\n<h3 class=\"wp-block-heading\">Buchung<\/h3>\n\n\n\n<p>Buchungsanfragen k\u00f6nnen bei Bapsy \u00fcber folgende <\/p>\n\n\n\n<p>email Adresse stattfinden:<\/p>\n\n\n\n<p>barbaraquante@gmx.de<\/p>\n\n\n\n<p>Die Schl\u00fcssel\u00fcbergabe kann pers\u00f6nlich oder Schl\u00fcsselkasten erfolgen!<\/p>\n","protected":false},"excerpt":{"rendered":"<p>Wir vermieten unser Pfadfinderheim an Jugendgruppen, die bei uns ein paar Stunden bis hin zu mehreren Tagen verbringen m\u00f6chten. Ausgeschlossen ist die Nutzung f\u00fcr Partys. Das Haus liegt sehr sch\u00f6n am Dortmund-Ems Kanal, in einem Wohngebiet mit direkt angrenzenden H\u00e4usern. Es ist mit einer kleinen K\u00fcche, Tischen und St\u00fchlen ausgestattet und somit f\u00fcr Tagungen mit [&hellip;]<\/p>\n","protected":false},"author":1,"featured_media":364,"parent":0,"menu_order":0,"comment_status":"closed","ping_status":"closed","template":"","meta":{"footnotes":""},"class_list":["post-612","page","type-page","status-publish","has-post-thumbnail","hentry"],"yoast_head":"<!-- This site is optimized with the Yoast SEO plugin v24.6 - https:\/\/yoast.com\/wordpress\/plugins\/seo\/ -->\n<title>Vermietung - BdP Stamm `totila\u00b4<\/title>\n<meta name=\"description\" content=\"Wir Vermieten unser Heim an Gruppen, Jugend-Gruppen die bei uns ein einparstunden bis hin zu mehren tagen Verbringen m\u00f6chten.\" \/>\n<meta name=\"robots\" content=\"index, follow, max-snippet:-1, max-image-preview:large, max-video-preview:-1\" \/>\n<link rel=\"canonical\" href=\"https:\/\/www.pfadfinder-ms.de\/?page_id=612\" \/>\n<meta property=\"og:locale\" content=\"de_DE\" \/>\n<meta property=\"og:type\" content=\"article\" \/>\n<meta property=\"og:title\" content=\"Vermietung - BdP Stamm `totila\u00b4\" \/>\n<meta property=\"og:description\" content=\"Wir Vermieten unser Heim an Gruppen, Jugend-Gruppen die bei uns ein einparstunden bis hin zu mehren tagen Verbringen m\u00f6chten.\" \/>\n<meta property=\"og:url\" content=\"https:\/\/www.pfadfinder-ms.de\/?page_id=612\" \/>\n<meta property=\"og:site_name\" content=\"BdP Stamm `totila\u00b4\" \/>\n<meta property=\"article:modified_time\" content=\"2023-03-05T16:44:03+00:00\" \/>\n<meta property=\"og:image\" content=\"https:\/\/www.pfadfinder-ms.de\/wp-content\/uploads\/2021\/06\/Heim.jpeg\" \/>\n\t<meta property=\"og:image:width\" content=\"1600\" \/>\n\t<meta property=\"og:image:height\" content=\"800\" \/>\n\t<meta property=\"og:image:type\" content=\"image\/jpeg\" \/>\n<meta name=\"twitter:card\" content=\"summary_large_image\" \/>\n<meta name=\"twitter:label1\" content=\"Gesch\u00e4tzte Lesezeit\" \/>\n\t<meta name=\"twitter:data1\" content=\"2\u00a0Minuten\" \/>\n<script type=\"application\/ld+json\" class=\"yoast-schema-graph\">{\"@context\":\"https:\/\/schema.org\",\"@graph\":[{\"@type\":\"WebPage\",\"@id\":\"https:\/\/www.pfadfinder-ms.de\/?page_id=612\",\"url\":\"https:\/\/www.pfadfinder-ms.de\/?page_id=612\",\"name\":\"Vermietung - BdP Stamm `totila\u00b4\",\"isPartOf\":{\"@id\":\"https:\/\/www.pfadfinder-ms.de\/#website\"},\"primaryImageOfPage\":{\"@id\":\"https:\/\/www.pfadfinder-ms.de\/?page_id=612#primaryimage\"},\"image\":{\"@id\":\"https:\/\/www.pfadfinder-ms.de\/?page_id=612#primaryimage\"},\"thumbnailUrl\":\"https:\/\/www.pfadfinder-ms.de\/wp-content\/uploads\/2021\/06\/Heim.jpeg\",\"datePublished\":\"2023-03-05T07:58:31+00:00\",\"dateModified\":\"2023-03-05T16:44:03+00:00\",\"description\":\"Wir Vermieten unser Heim an Gruppen, Jugend-Gruppen die bei uns ein einparstunden bis hin zu mehren tagen Verbringen m\u00f6chten.\",\"breadcrumb\":{\"@id\":\"https:\/\/www.pfadfinder-ms.de\/?page_id=612#breadcrumb\"},\"inLanguage\":\"de\",\"potentialAction\":[{\"@type\":\"ReadAction\",\"target\":[\"https:\/\/www.pfadfinder-ms.de\/?page_id=612\"]}]},{\"@type\":\"ImageObject\",\"inLanguage\":\"de\",\"@id\":\"https:\/\/www.pfadfinder-ms.de\/?page_id=612#primaryimage\",\"url\":\"https:\/\/www.pfadfinder-ms.de\/wp-content\/uploads\/2021\/06\/Heim.jpeg\",\"contentUrl\":\"https:\/\/www.pfadfinder-ms.de\/wp-content\/uploads\/2021\/06\/Heim.jpeg\",\"width\":1600,\"height\":800},{\"@type\":\"BreadcrumbList\",\"@id\":\"https:\/\/www.pfadfinder-ms.de\/?page_id=612#breadcrumb\",\"itemListElement\":[{\"@type\":\"ListItem\",\"position\":1,\"name\":\"Startseite\",\"item\":\"https:\/\/www.pfadfinder-ms.de\/\"},{\"@type\":\"ListItem\",\"position\":2,\"name\":\"Vermietung\"}]},{\"@type\":\"WebSite\",\"@id\":\"https:\/\/www.pfadfinder-ms.de\/#website\",\"url\":\"https:\/\/www.pfadfinder-ms.de\/\",\"name\":\"BdP Stamm `totila\u00b4\",\"description\":\"Aktionsberichte\",\"potentialAction\":[{\"@type\":\"SearchAction\",\"target\":{\"@type\":\"EntryPoint\",\"urlTemplate\":\"https:\/\/www.pfadfinder-ms.de\/?s={search_term_string}\"},\"query-input\":{\"@type\":\"PropertyValueSpecification\",\"valueRequired\":true,\"valueName\":\"search_term_string\"}}],\"inLanguage\":\"de\"}]}<\/script>\n<!-- \/ Yoast SEO plugin. -->","yoast_head_json":{"title":"Vermietung - BdP Stamm `totila\u00b4","description":"Wir Vermieten unser Heim an Gruppen, Jugend-Gruppen die bei uns ein einparstunden bis hin zu mehren tagen Verbringen m\u00f6chten.","robots":{"index":"index","follow":"follow","max-snippet":"max-snippet:-1","max-image-preview":"max-image-preview:large","max-video-preview":"max-video-preview:-1"},"canonical":"https:\/\/www.pfadfinder-ms.de\/?page_id=612","og_locale":"de_DE","og_type":"article","og_title":"Vermietung - BdP Stamm `totila\u00b4","og_description":"Wir Vermieten unser Heim an Gruppen, Jugend-Gruppen die bei uns ein einparstunden bis hin zu mehren tagen Verbringen m\u00f6chten.","og_url":"https:\/\/www.pfadfinder-ms.de\/?page_id=612","og_site_name":"BdP Stamm `totila\u00b4","article_modified_time":"2023-03-05T16:44:03+00:00","og_image":[{"width":1600,"height":800,"url":"https:\/\/www.pfadfinder-ms.de\/wp-content\/uploads\/2021\/06\/Heim.jpeg","type":"image\/jpeg"}],"twitter_card":"summary_large_image","twitter_misc":{"Gesch\u00e4tzte Lesezeit":"2\u00a0Minuten"},"schema":{"@context":"https:\/\/schema.org","@graph":[{"@type":"WebPage","@id":"https:\/\/www.pfadfinder-ms.de\/?page_id=612","url":"https:\/\/www.pfadfinder-ms.de\/?page_id=612","name":"Vermietung - BdP Stamm `totila\u00b4","isPartOf":{"@id":"https:\/\/www.pfadfinder-ms.de\/#website"},"primaryImageOfPage":{"@id":"https:\/\/www.pfadfinder-ms.de\/?page_id=612#primaryimage"},"image":{"@id":"https:\/\/www.pfadfinder-ms.de\/?page_id=612#primaryimage"},"thumbnailUrl":"https:\/\/www.pfadfinder-ms.de\/wp-content\/uploads\/2021\/06\/Heim.jpeg","datePublished":"2023-03-05T07:58:31+00:00","dateModified":"2023-03-05T16:44:03+00:00","description":"Wir Vermieten unser Heim an Gruppen, Jugend-Gruppen die bei uns ein einparstunden bis hin zu mehren tagen Verbringen m\u00f6chten.","breadcrumb":{"@id":"https:\/\/www.pfadfinder-ms.de\/?page_id=612#breadcrumb"},"inLanguage":"de","potentialAction":[{"@type":"ReadAction","target":["https:\/\/www.pfadfinder-ms.de\/?page_id=612"]}]},{"@type":"ImageObject","inLanguage":"de","@id":"https:\/\/www.pfadfinder-ms.de\/?page_id=612#primaryimage","url":"https:\/\/www.pfadfinder-ms.de\/wp-content\/uploads\/2021\/06\/Heim.jpeg","contentUrl":"https:\/\/www.pfadfinder-ms.de\/wp-content\/uploads\/2021\/06\/Heim.jpeg","width":1600,"height":800},{"@type":"BreadcrumbList","@id":"https:\/\/www.pfadfinder-ms.de\/?page_id=612#breadcrumb","itemListElement":[{"@type":"ListItem","position":1,"name":"Startseite","item":"https:\/\/www.pfadfinder-ms.de\/"},{"@type":"ListItem","position":2,"name":"Vermietung"}]},{"@type":"WebSite","@id":"https:\/\/www.pfadfinder-ms.de\/#website","url":"https:\/\/www.pfadfinder-ms.de\/","name":"BdP Stamm `totila\u00b4","description":"Aktionsberichte","potentialAction":[{"@type":"SearchAction","target":{"@type":"EntryPoint","urlTemplate":"https:\/\/www.pfadfinder-ms.de\/?s={search_term_string}"},"query-input":{"@type":"PropertyValueSpecification","valueRequired":true,"valueName":"search_term_string"}}],"inLanguage":"de"}]}},"_links":{"self":[{"href":"https:\/\/www.pfadfinder-ms.de\/index.php?rest_route=\/wp\/v2\/pages\/612","targetHints":{"allow":["GET"]}}],"collection":[{"href":"https:\/\/www.pfadfinder-ms.de\/index.php?rest_route=\/wp\/v2\/pages"}],"about":[{"href":"https:\/\/www.pfadfinder-ms.de\/index.php?rest_route=\/wp\/v2\/types\/page"}],"author":[{"embeddable":true,"href":"https:\/\/www.pfadfinder-ms.de\/index.php?rest_route=\/wp\/v2\/users\/1"}],"replies":[{"embeddable":true,"href":"https:\/\/www.pfadfinder-ms.de\/index.php?rest_route=%2Fwp%2Fv2%2Fcomments&post=612"}],"version-history":[{"count":7,"href":"https:\/\/www.pfadfinder-ms.de\/index.php?rest_route=\/wp\/v2\/pages\/612\/revisions"}],"predecessor-version":[{"id":640,"href":"https:\/\/www.pfadfinder-ms.de\/index.php?rest_route=\/wp\/v2\/pages\/612\/revisions\/640"}],"wp:featuredmedia":[{"embeddable":true,"href":"https:\/\/www.pfadfinder-ms.de\/index.php?rest_route=\/wp\/v2\/media\/364"}],"wp:attachment":[{"href":"https:\/\/www.pfadfinder-ms.de\/index.php?rest_route=%2Fwp%2Fv2%2Fmedia&parent=612"}],"curies":[{"name":"wp","href":"https:\/\/api.w.org\/{rel}","templated":true}]}}