{"id":64,"date":"2021-04-20T16:43:15","date_gmt":"2021-04-20T14:43:15","guid":{"rendered":"https:\/\/www.pfadfinder-ms.de\/?page_id=64"},"modified":"2025-11-30T18:05:48","modified_gmt":"2025-11-30T17:05:48","slug":"kontakt","status":"publish","type":"page","link":"https:\/\/www.pfadfinder-ms.de\/?page_id=64","title":{"rendered":"Kontakt"},"content":{"rendered":"\n<h3 class=\"wp-block-heading\">Generelle Anfragen<\/h3>\n\n\n\n<p>bitte an E-Mail: <a href=\"mailto:info@pfadfiner-ms.de\">info@pfadfinder-ms.de<\/a><\/p>\n\n\n\n<p>oder Telefon\/WhatsApp : +49 178 6860817<\/p>\n\n\n\n\n\n<h3 class=\"wp-block-heading\">Stammesf\u00fchrung<\/h3>\n\n\n\n<p><\/p>\n\n\n\n<div class=\"wp-block-media-text alignwide is-stacked-on-mobile\" style=\"grid-template-columns:23% auto\"><figure class=\"wp-block-media-text__media\"><img loading=\"lazy\" decoding=\"async\" width=\"1024\" height=\"1024\" src=\"https:\/\/www.pfadfinder-ms.de\/wp-content\/uploads\/2025\/10\/DSC5609-scaled-e1760038846699-1024x1024.jpg\" alt=\"\" class=\"wp-image-966 size-full\" srcset=\"https:\/\/www.pfadfinder-ms.de\/wp-content\/uploads\/2025\/10\/DSC5609-scaled-e1760038846699-1024x1024.jpg 1024w, https:\/\/www.pfadfinder-ms.de\/wp-content\/uploads\/2025\/10\/DSC5609-scaled-e1760038846699-300x300.jpg 300w, https:\/\/www.pfadfinder-ms.de\/wp-content\/uploads\/2025\/10\/DSC5609-scaled-e1760038846699-150x150.jpg 150w, https:\/\/www.pfadfinder-ms.de\/wp-content\/uploads\/2025\/10\/DSC5609-scaled-e1760038846699-768x768.jpg 768w, https:\/\/www.pfadfinder-ms.de\/wp-content\/uploads\/2025\/10\/DSC5609-scaled-e1760038846699-1536x1536.jpg 1536w, https:\/\/www.pfadfinder-ms.de\/wp-content\/uploads\/2025\/10\/DSC5609-scaled-e1760038846699.jpg 1702w\" sizes=\"auto, (max-width: 1024px) 100vw, 1024px\" \/><\/figure><div class=\"wp-block-media-text__content\">\n<p>Piggeldy<\/p>\n\n\n\n<p>E-Mail: <a href=\"mailto:Stammesfuerung@pfadfinder-ms.de\">stammesfuehrung@pfadfinder-ms.de<\/a><\/p>\n<\/div><\/div>\n\n\n\n<p><\/p>\n\n\n\n<div class=\"wp-block-media-text alignwide is-stacked-on-mobile\" style=\"grid-template-columns:23% auto\"><figure class=\"wp-block-media-text__media\"><img loading=\"lazy\" decoding=\"async\" width=\"908\" height=\"929\" src=\"https:\/\/www.pfadfinder-ms.de\/wp-content\/uploads\/2022\/12\/WhatsApp-Bild-2022-12-06-um-17.31.19.jpg\" alt=\"\" class=\"wp-image-582 size-full\" srcset=\"https:\/\/www.pfadfinder-ms.de\/wp-content\/uploads\/2022\/12\/WhatsApp-Bild-2022-12-06-um-17.31.19.jpg 908w, https:\/\/www.pfadfinder-ms.de\/wp-content\/uploads\/2022\/12\/WhatsApp-Bild-2022-12-06-um-17.31.19-293x300.jpg 293w, https:\/\/www.pfadfinder-ms.de\/wp-content\/uploads\/2022\/12\/WhatsApp-Bild-2022-12-06-um-17.31.19-768x786.jpg 768w\" sizes=\"auto, (max-width: 908px) 100vw, 908px\" \/><\/figure><div class=\"wp-block-media-text__content\">\n<p>Hightech<\/p>\n\n\n\n<p><\/p>\n<\/div><\/div>\n\n\n\n<h3 class=\"wp-block-heading\">Stllv. Stammesf\u00fchrung<\/h3>\n\n\n\n<p><\/p>\n\n\n\n<div class=\"wp-block-media-text alignwide is-stacked-on-mobile\" style=\"grid-template-columns:23% auto\"><figure class=\"wp-block-media-text__media\"><img loading=\"lazy\" decoding=\"async\" width=\"1018\" height=\"1024\" src=\"https:\/\/www.pfadfinder-ms.de\/wp-content\/uploads\/2025\/03\/WhatsApp-Bild-2025-03-13-um-14.39.17_5c4a875a-1018x1024.jpg\" alt=\"\" class=\"wp-image-824 size-full\" srcset=\"https:\/\/www.pfadfinder-ms.de\/wp-content\/uploads\/2025\/03\/WhatsApp-Bild-2025-03-13-um-14.39.17_5c4a875a-1018x1024.jpg 1018w, https:\/\/www.pfadfinder-ms.de\/wp-content\/uploads\/2025\/03\/WhatsApp-Bild-2025-03-13-um-14.39.17_5c4a875a-298x300.jpg 298w, https:\/\/www.pfadfinder-ms.de\/wp-content\/uploads\/2025\/03\/WhatsApp-Bild-2025-03-13-um-14.39.17_5c4a875a-150x150.jpg 150w, https:\/\/www.pfadfinder-ms.de\/wp-content\/uploads\/2025\/03\/WhatsApp-Bild-2025-03-13-um-14.39.17_5c4a875a-768x772.jpg 768w, https:\/\/www.pfadfinder-ms.de\/wp-content\/uploads\/2025\/03\/WhatsApp-Bild-2025-03-13-um-14.39.17_5c4a875a-1527x1536.jpg 1527w, https:\/\/www.pfadfinder-ms.de\/wp-content\/uploads\/2025\/03\/WhatsApp-Bild-2025-03-13-um-14.39.17_5c4a875a.jpg 1591w\" sizes=\"auto, (max-width: 1018px) 100vw, 1018px\" \/><\/figure><div class=\"wp-block-media-text__content\">\n<p>Socke<\/p>\n\n\n\n<p><\/p>\n<\/div><\/div>\n\n\n\n<p><\/p>\n\n\n\n<h3 class=\"wp-block-heading\">Schatzmeister*in<\/h3>\n\n\n\n<p><\/p>\n\n\n\n<div class=\"wp-block-media-text alignwide is-stacked-on-mobile\" style=\"grid-template-columns:22% auto\"><figure class=\"wp-block-media-text__media\"><img loading=\"lazy\" decoding=\"async\" width=\"750\" height=\"1000\" src=\"https:\/\/www.pfadfinder-ms.de\/wp-content\/uploads\/2025\/03\/flat750x075f-pad750x1000f8f8f8.jpg\" alt=\"\" class=\"wp-image-880 size-full\" srcset=\"https:\/\/www.pfadfinder-ms.de\/wp-content\/uploads\/2025\/03\/flat750x075f-pad750x1000f8f8f8.jpg 750w, https:\/\/www.pfadfinder-ms.de\/wp-content\/uploads\/2025\/03\/flat750x075f-pad750x1000f8f8f8-225x300.jpg 225w\" sizes=\"auto, (max-width: 750px) 100vw, 750px\" \/><\/figure><div class=\"wp-block-media-text__content\">\n<p>Lupin<\/p>\n\n\n\n<p>E-Mail: <a href=\"mailto:Schatzmeiste@Pfadfinder-ms.de\">schatzmeister@pfadfinder-ms.de<\/a><\/p>\n<\/div><\/div>\n\n\n\n<p><\/p>\n\n\n\n<h3 class=\"wp-block-heading\">Meutenf\u00fchrungen <\/h3>\n\n\n\n<p><\/p>\n\n\n\n<div class=\"wp-block-media-text alignwide is-stacked-on-mobile\" style=\"grid-template-columns:23% auto\"><figure class=\"wp-block-media-text__media\"><img loading=\"lazy\" decoding=\"async\" width=\"980\" height=\"1024\" src=\"https:\/\/www.pfadfinder-ms.de\/wp-content\/uploads\/2025\/10\/DSC5517-scaled-e1760038593703-980x1024.jpg\" alt=\"\" class=\"wp-image-965 size-full\" srcset=\"https:\/\/www.pfadfinder-ms.de\/wp-content\/uploads\/2025\/10\/DSC5517-scaled-e1760038593703-980x1024.jpg 980w, https:\/\/www.pfadfinder-ms.de\/wp-content\/uploads\/2025\/10\/DSC5517-scaled-e1760038593703-287x300.jpg 287w, https:\/\/www.pfadfinder-ms.de\/wp-content\/uploads\/2025\/10\/DSC5517-scaled-e1760038593703-768x803.jpg 768w, https:\/\/www.pfadfinder-ms.de\/wp-content\/uploads\/2025\/10\/DSC5517-scaled-e1760038593703.jpg 1330w\" sizes=\"auto, (max-width: 980px) 100vw, 980px\" \/><\/figure><div class=\"wp-block-media-text__content\">\n<p>Pfote <\/p>\n\n\n\n<p>E-mail: <a href=\"mailto:Meute@Pfadfinder-ms.de\">meute@pfadfinder-ms.de<\/a><\/p>\n<\/div><\/div>\n\n\n\n<p><\/p>\n\n\n\n<div class=\"wp-block-media-text alignwide is-stacked-on-mobile\" style=\"grid-template-columns:23% auto\"><figure class=\"wp-block-media-text__media\"><img loading=\"lazy\" decoding=\"async\" width=\"1024\" height=\"1024\" src=\"https:\/\/www.pfadfinder-ms.de\/wp-content\/uploads\/2025\/09\/DSC4687-scaled-e1760037793331-1024x1024.jpg\" alt=\"\" class=\"wp-image-957 size-full\" srcset=\"https:\/\/www.pfadfinder-ms.de\/wp-content\/uploads\/2025\/09\/DSC4687-scaled-e1760037793331-1024x1024.jpg 1024w, https:\/\/www.pfadfinder-ms.de\/wp-content\/uploads\/2025\/09\/DSC4687-scaled-e1760037793331-300x300.jpg 300w, https:\/\/www.pfadfinder-ms.de\/wp-content\/uploads\/2025\/09\/DSC4687-scaled-e1760037793331-150x150.jpg 150w, https:\/\/www.pfadfinder-ms.de\/wp-content\/uploads\/2025\/09\/DSC4687-scaled-e1760037793331-768x768.jpg 768w, https:\/\/www.pfadfinder-ms.de\/wp-content\/uploads\/2025\/09\/DSC4687-scaled-e1760037793331-1536x1536.jpg 1536w, https:\/\/www.pfadfinder-ms.de\/wp-content\/uploads\/2025\/09\/DSC4687-scaled-e1760037793331.jpg 1702w\" sizes=\"auto, (max-width: 1024px) 100vw, 1024px\" \/><\/figure><div class=\"wp-block-media-text__content\">\n<p>Zora<\/p>\n<\/div><\/div>\n\n\n\n<p><\/p>\n\n\n\n<div class=\"wp-block-media-text alignwide is-stacked-on-mobile\" style=\"grid-template-columns:23% auto\"><figure class=\"wp-block-media-text__media\"><img loading=\"lazy\" decoding=\"async\" width=\"1015\" height=\"1024\" src=\"https:\/\/www.pfadfinder-ms.de\/wp-content\/uploads\/2025\/03\/WhatsApp-Bild-2025-03-13-um-14.45.57_15253ddb-1015x1024.jpg\" alt=\"\" class=\"wp-image-825 size-full\" srcset=\"https:\/\/www.pfadfinder-ms.de\/wp-content\/uploads\/2025\/03\/WhatsApp-Bild-2025-03-13-um-14.45.57_15253ddb-1015x1024.jpg 1015w, https:\/\/www.pfadfinder-ms.de\/wp-content\/uploads\/2025\/03\/WhatsApp-Bild-2025-03-13-um-14.45.57_15253ddb-297x300.jpg 297w, https:\/\/www.pfadfinder-ms.de\/wp-content\/uploads\/2025\/03\/WhatsApp-Bild-2025-03-13-um-14.45.57_15253ddb-150x150.jpg 150w, https:\/\/www.pfadfinder-ms.de\/wp-content\/uploads\/2025\/03\/WhatsApp-Bild-2025-03-13-um-14.45.57_15253ddb-768x775.jpg 768w, https:\/\/www.pfadfinder-ms.de\/wp-content\/uploads\/2025\/03\/WhatsApp-Bild-2025-03-13-um-14.45.57_15253ddb-1522x1536.jpg 1522w, https:\/\/www.pfadfinder-ms.de\/wp-content\/uploads\/2025\/03\/WhatsApp-Bild-2025-03-13-um-14.45.57_15253ddb.jpg 1543w\" sizes=\"auto, (max-width: 1015px) 100vw, 1015px\" \/><\/figure><div class=\"wp-block-media-text__content\">\n<p>Tiebri<\/p>\n<\/div><\/div>\n\n\n\n<p><\/p>\n\n\n\n<div class=\"wp-block-group is-nowrap is-layout-flex wp-container-core-group-is-layout-ad2f72ca wp-block-group-is-layout-flex\">\n<div class=\"wp-block-media-text is-stacked-on-mobile\" style=\"grid-template-columns:23% auto\"><figure class=\"wp-block-media-text__media\"><img loading=\"lazy\" decoding=\"async\" width=\"1024\" height=\"1024\" src=\"https:\/\/www.pfadfinder-ms.de\/wp-content\/uploads\/2025\/10\/DSC5518-scaled-e1760038315288-1024x1024.jpg\" alt=\"\" class=\"wp-image-964 size-full\" srcset=\"https:\/\/www.pfadfinder-ms.de\/wp-content\/uploads\/2025\/10\/DSC5518-scaled-e1760038315288-1024x1024.jpg 1024w, https:\/\/www.pfadfinder-ms.de\/wp-content\/uploads\/2025\/10\/DSC5518-scaled-e1760038315288-300x300.jpg 300w, https:\/\/www.pfadfinder-ms.de\/wp-content\/uploads\/2025\/10\/DSC5518-scaled-e1760038315288-150x150.jpg 150w, https:\/\/www.pfadfinder-ms.de\/wp-content\/uploads\/2025\/10\/DSC5518-scaled-e1760038315288-768x768.jpg 768w, https:\/\/www.pfadfinder-ms.de\/wp-content\/uploads\/2025\/10\/DSC5518-scaled-e1760038315288-1536x1536.jpg 1536w, https:\/\/www.pfadfinder-ms.de\/wp-content\/uploads\/2025\/10\/DSC5518-scaled-e1760038315288.jpg 1702w\" sizes=\"auto, (max-width: 1024px) 100vw, 1024px\" \/><\/figure><div class=\"wp-block-media-text__content\">\n<p>Tornado (in Ausbildung)<\/p>\n<\/div><\/div>\n<\/div>\n\n\n\n<p><\/p>\n\n\n\n<h3 class=\"wp-block-heading\">Sippenf\u00fchrungen<\/h3>\n\n\n\n<p><\/p>\n\n\n\n<div class=\"wp-block-media-text is-stacked-on-mobile\" style=\"grid-template-columns:23% auto\"><figure class=\"wp-block-media-text__media\"><img loading=\"lazy\" decoding=\"async\" width=\"1024\" height=\"1024\" src=\"https:\/\/www.pfadfinder-ms.de\/wp-content\/uploads\/2025\/10\/DSC5439-scaled-e1760039050786-1024x1024.jpg\" alt=\"\" class=\"wp-image-968 size-full\" srcset=\"https:\/\/www.pfadfinder-ms.de\/wp-content\/uploads\/2025\/10\/DSC5439-scaled-e1760039050786-1024x1024.jpg 1024w, https:\/\/www.pfadfinder-ms.de\/wp-content\/uploads\/2025\/10\/DSC5439-scaled-e1760039050786-300x300.jpg 300w, https:\/\/www.pfadfinder-ms.de\/wp-content\/uploads\/2025\/10\/DSC5439-scaled-e1760039050786-150x150.jpg 150w, https:\/\/www.pfadfinder-ms.de\/wp-content\/uploads\/2025\/10\/DSC5439-scaled-e1760039050786-768x768.jpg 768w, https:\/\/www.pfadfinder-ms.de\/wp-content\/uploads\/2025\/10\/DSC5439-scaled-e1760039050786-1536x1536.jpg 1536w, https:\/\/www.pfadfinder-ms.de\/wp-content\/uploads\/2025\/10\/DSC5439-scaled-e1760039050786.jpg 1702w\" sizes=\"auto, (max-width: 1024px) 100vw, 1024px\" \/><\/figure><div class=\"wp-block-media-text__content\">\n<p>MC G<\/p>\n\n\n\n<p>E-Mail: <a href=\"mailto:Sippen@Pfadfinder-ms.de\">sippen@pfadfinder-ms.de<\/a><\/p>\n<\/div><\/div>\n\n\n\n<p><\/p>\n","protected":false},"excerpt":{"rendered":"<p>Generelle Anfragen bitte an E-Mail: info@pfadfinder-ms.de oder Telefon\/WhatsApp : +49 178 6860817 Stammesf\u00fchrung Piggeldy E-Mail: stammesfuehrung@pfadfinder-ms.de Hightech Stllv. Stammesf\u00fchrung Socke Schatzmeister*in Lupin E-Mail: schatzmeister@pfadfinder-ms.de Meutenf\u00fchrungen Pfote E-mail: meute@pfadfinder-ms.de Zora Tiebri Tornado (in Ausbildung) Sippenf\u00fchrungen MC G E-Mail: sippen@pfadfinder-ms.de<\/p>\n","protected":false},"author":1,"featured_media":736,"parent":0,"menu_order":0,"comment_status":"closed","ping_status":"closed","template":"","meta":{"footnotes":""},"class_list":["post-64","page","type-page","status-publish","has-post-thumbnail","hentry"],"yoast_head":"<!-- This site is optimized with the Yoast SEO plugin v24.6 - https:\/\/yoast.com\/wordpress\/plugins\/seo\/ -->\n<title>Kontakt - BdP Stamm `totila\u00b4<\/title>\n<meta name=\"robots\" content=\"index, follow, max-snippet:-1, max-image-preview:large, max-video-preview:-1\" \/>\n<link rel=\"canonical\" href=\"https:\/\/www.pfadfinder-ms.de\/?page_id=64\" \/>\n<meta property=\"og:locale\" content=\"de_DE\" \/>\n<meta property=\"og:type\" content=\"article\" \/>\n<meta property=\"og:title\" content=\"Kontakt - BdP Stamm `totila\u00b4\" \/>\n<meta property=\"og:description\" content=\"Generelle Anfragen bitte an E-Mail: info@pfadfinder-ms.de oder Telefon\/WhatsApp : +49 178 6860817 Stammesf\u00fchrung Piggeldy E-Mail: stammesfuehrung@pfadfinder-ms.de Hightech Stllv. Stammesf\u00fchrung Socke Schatzmeister*in Lupin E-Mail: schatzmeister@pfadfinder-ms.de Meutenf\u00fchrungen Pfote E-mail: meute@pfadfinder-ms.de Zora Tiebri Tornado (in Ausbildung) Sippenf\u00fchrungen MC G E-Mail: sippen@pfadfinder-ms.de\" \/>\n<meta property=\"og:url\" content=\"https:\/\/www.pfadfinder-ms.de\/?page_id=64\" \/>\n<meta property=\"og:site_name\" content=\"BdP Stamm `totila\u00b4\" \/>\n<meta property=\"article:modified_time\" content=\"2025-11-30T17:05:48+00:00\" \/>\n<meta property=\"og:image\" content=\"https:\/\/www.pfadfinder-ms.de\/wp-content\/uploads\/2022\/12\/cropped-cropped-20220604_181803-scaled-2.jpg\" \/>\n\t<meta property=\"og:image:width\" content=\"1498\" \/>\n\t<meta property=\"og:image:height\" content=\"732\" \/>\n\t<meta property=\"og:image:type\" content=\"image\/jpeg\" \/>\n<meta name=\"twitter:card\" content=\"summary_large_image\" \/>\n<meta name=\"twitter:label1\" content=\"Gesch\u00e4tzte Lesezeit\" \/>\n\t<meta name=\"twitter:data1\" content=\"5\u00a0Minuten\" \/>\n<script type=\"application\/ld+json\" class=\"yoast-schema-graph\">{\"@context\":\"https:\/\/schema.org\",\"@graph\":[{\"@type\":\"WebPage\",\"@id\":\"https:\/\/www.pfadfinder-ms.de\/?page_id=64\",\"url\":\"https:\/\/www.pfadfinder-ms.de\/?page_id=64\",\"name\":\"Kontakt - BdP Stamm `totila\u00b4\",\"isPartOf\":{\"@id\":\"https:\/\/www.pfadfinder-ms.de\/#website\"},\"primaryImageOfPage\":{\"@id\":\"https:\/\/www.pfadfinder-ms.de\/?page_id=64#primaryimage\"},\"image\":{\"@id\":\"https:\/\/www.pfadfinder-ms.de\/?page_id=64#primaryimage\"},\"thumbnailUrl\":\"https:\/\/www.pfadfinder-ms.de\/wp-content\/uploads\/2022\/12\/cropped-cropped-20220604_181803-scaled-2.jpg\",\"datePublished\":\"2021-04-20T14:43:15+00:00\",\"dateModified\":\"2025-11-30T17:05:48+00:00\",\"breadcrumb\":{\"@id\":\"https:\/\/www.pfadfinder-ms.de\/?page_id=64#breadcrumb\"},\"inLanguage\":\"de\",\"potentialAction\":[{\"@type\":\"ReadAction\",\"target\":[\"https:\/\/www.pfadfinder-ms.de\/?page_id=64\"]}]},{\"@type\":\"ImageObject\",\"inLanguage\":\"de\",\"@id\":\"https:\/\/www.pfadfinder-ms.de\/?page_id=64#primaryimage\",\"url\":\"https:\/\/www.pfadfinder-ms.de\/wp-content\/uploads\/2022\/12\/cropped-cropped-20220604_181803-scaled-2.jpg\",\"contentUrl\":\"https:\/\/www.pfadfinder-ms.de\/wp-content\/uploads\/2022\/12\/cropped-cropped-20220604_181803-scaled-2.jpg\",\"width\":1498,\"height\":732},{\"@type\":\"BreadcrumbList\",\"@id\":\"https:\/\/www.pfadfinder-ms.de\/?page_id=64#breadcrumb\",\"itemListElement\":[{\"@type\":\"ListItem\",\"position\":1,\"name\":\"Startseite\",\"item\":\"https:\/\/www.pfadfinder-ms.de\/\"},{\"@type\":\"ListItem\",\"position\":2,\"name\":\"Kontakt\"}]},{\"@type\":\"WebSite\",\"@id\":\"https:\/\/www.pfadfinder-ms.de\/#website\",\"url\":\"https:\/\/www.pfadfinder-ms.de\/\",\"name\":\"BdP Stamm `totila\u00b4\",\"description\":\"Aktionsberichte\",\"potentialAction\":[{\"@type\":\"SearchAction\",\"target\":{\"@type\":\"EntryPoint\",\"urlTemplate\":\"https:\/\/www.pfadfinder-ms.de\/?s={search_term_string}\"},\"query-input\":{\"@type\":\"PropertyValueSpecification\",\"valueRequired\":true,\"valueName\":\"search_term_string\"}}],\"inLanguage\":\"de\"}]}<\/script>\n<!-- \/ Yoast SEO plugin. -->","yoast_head_json":{"title":"Kontakt - BdP Stamm `totila\u00b4","robots":{"index":"index","follow":"follow","max-snippet":"max-snippet:-1","max-image-preview":"max-image-preview:large","max-video-preview":"max-video-preview:-1"},"canonical":"https:\/\/www.pfadfinder-ms.de\/?page_id=64","og_locale":"de_DE","og_type":"article","og_title":"Kontakt - BdP Stamm `totila\u00b4","og_description":"Generelle Anfragen bitte an E-Mail: info@pfadfinder-ms.de oder Telefon\/WhatsApp : +49 178 6860817 Stammesf\u00fchrung Piggeldy E-Mail: stammesfuehrung@pfadfinder-ms.de Hightech Stllv. Stammesf\u00fchrung Socke Schatzmeister*in Lupin E-Mail: schatzmeister@pfadfinder-ms.de Meutenf\u00fchrungen Pfote E-mail: meute@pfadfinder-ms.de Zora Tiebri Tornado (in Ausbildung) Sippenf\u00fchrungen MC G E-Mail: sippen@pfadfinder-ms.de","og_url":"https:\/\/www.pfadfinder-ms.de\/?page_id=64","og_site_name":"BdP Stamm `totila\u00b4","article_modified_time":"2025-11-30T17:05:48+00:00","og_image":[{"width":1498,"height":732,"url":"https:\/\/www.pfadfinder-ms.de\/wp-content\/uploads\/2022\/12\/cropped-cropped-20220604_181803-scaled-2.jpg","type":"image\/jpeg"}],"twitter_card":"summary_large_image","twitter_misc":{"Gesch\u00e4tzte Lesezeit":"5\u00a0Minuten"},"schema":{"@context":"https:\/\/schema.org","@graph":[{"@type":"WebPage","@id":"https:\/\/www.pfadfinder-ms.de\/?page_id=64","url":"https:\/\/www.pfadfinder-ms.de\/?page_id=64","name":"Kontakt - BdP Stamm `totila\u00b4","isPartOf":{"@id":"https:\/\/www.pfadfinder-ms.de\/#website"},"primaryImageOfPage":{"@id":"https:\/\/www.pfadfinder-ms.de\/?page_id=64#primaryimage"},"image":{"@id":"https:\/\/www.pfadfinder-ms.de\/?page_id=64#primaryimage"},"thumbnailUrl":"https:\/\/www.pfadfinder-ms.de\/wp-content\/uploads\/2022\/12\/cropped-cropped-20220604_181803-scaled-2.jpg","datePublished":"2021-04-20T14:43:15+00:00","dateModified":"2025-11-30T17:05:48+00:00","breadcrumb":{"@id":"https:\/\/www.pfadfinder-ms.de\/?page_id=64#breadcrumb"},"inLanguage":"de","potentialAction":[{"@type":"ReadAction","target":["https:\/\/www.pfadfinder-ms.de\/?page_id=64"]}]},{"@type":"ImageObject","inLanguage":"de","@id":"https:\/\/www.pfadfinder-ms.de\/?page_id=64#primaryimage","url":"https:\/\/www.pfadfinder-ms.de\/wp-content\/uploads\/2022\/12\/cropped-cropped-20220604_181803-scaled-2.jpg","contentUrl":"https:\/\/www.pfadfinder-ms.de\/wp-content\/uploads\/2022\/12\/cropped-cropped-20220604_181803-scaled-2.jpg","width":1498,"height":732},{"@type":"BreadcrumbList","@id":"https:\/\/www.pfadfinder-ms.de\/?page_id=64#breadcrumb","itemListElement":[{"@type":"ListItem","position":1,"name":"Startseite","item":"https:\/\/www.pfadfinder-ms.de\/"},{"@type":"ListItem","position":2,"name":"Kontakt"}]},{"@type":"WebSite","@id":"https:\/\/www.pfadfinder-ms.de\/#website","url":"https:\/\/www.pfadfinder-ms.de\/","name":"BdP Stamm `totila\u00b4","description":"Aktionsberichte","potentialAction":[{"@type":"SearchAction","target":{"@type":"EntryPoint","urlTemplate":"https:\/\/www.pfadfinder-ms.de\/?s={search_term_string}"},"query-input":{"@type":"PropertyValueSpecification","valueRequired":true,"valueName":"search_term_string"}}],"inLanguage":"de"}]}},"_links":{"self":[{"href":"https:\/\/www.pfadfinder-ms.de\/index.php?rest_route=\/wp\/v2\/pages\/64","targetHints":{"allow":["GET"]}}],"collection":[{"href":"https:\/\/www.pfadfinder-ms.de\/index.php?rest_route=\/wp\/v2\/pages"}],"about":[{"href":"https:\/\/www.pfadfinder-ms.de\/index.php?rest_route=\/wp\/v2\/types\/page"}],"author":[{"embeddable":true,"href":"https:\/\/www.pfadfinder-ms.de\/index.php?rest_route=\/wp\/v2\/users\/1"}],"replies":[{"embeddable":true,"href":"https:\/\/www.pfadfinder-ms.de\/index.php?rest_route=%2Fwp%2Fv2%2Fcomments&post=64"}],"version-history":[{"count":69,"href":"https:\/\/www.pfadfinder-ms.de\/index.php?rest_route=\/wp\/v2\/pages\/64\/revisions"}],"predecessor-version":[{"id":1024,"href":"https:\/\/www.pfadfinder-ms.de\/index.php?rest_route=\/wp\/v2\/pages\/64\/revisions\/1024"}],"wp:featuredmedia":[{"embeddable":true,"href":"https:\/\/www.pfadfinder-ms.de\/index.php?rest_route=\/wp\/v2\/media\/736"}],"wp:attachment":[{"href":"https:\/\/www.pfadfinder-ms.de\/index.php?rest_route=%2Fwp%2Fv2%2Fmedia&parent=64"}],"curies":[{"name":"wp","href":"https:\/\/api.w.org\/{rel}","templated":true}]}}