{"id":68,"date":"2021-04-20T16:43:15","date_gmt":"2021-04-20T14:43:15","guid":{"rendered":"https:\/\/www.pfadfinder-ms.de\/?page_id=68"},"modified":"2023-12-05T20:25:14","modified_gmt":"2023-12-05T19:25:14","slug":"stammesheim","status":"publish","type":"page","link":"https:\/\/www.pfadfinder-ms.de\/?page_id=68","title":{"rendered":"Stammesheim"},"content":{"rendered":"\n<p>Unser Heim ist ein kleines, gem\u00fctliches H\u00e4uschen am Kanal, welches viele auch als &#8222;Blaues Haus&#8220; am Gallenkamp bekannt ist. Seit \u00fcber zehn Jahren finden dort regelm\u00e4\u00dfig unsere Gruppenstunden und Aktionen statt. In unserem kleinen Stammesheim gibt es einen gro\u00dfen Gruppenraum mit K\u00fcche, Sitzecke, Terrasse und Kamin. Au\u00dferdem haben wir noch eine Toilettenanlage mit Dusche und eine umliegende Fl\u00e4che mit Garten.   <\/p>\n\n\n\n<h3 class=\"wp-block-heading\">Adresse<\/h3>\n\n\n\n<p>Gallenkamp 31<\/p>\n\n\n\n<p>48145 M\u00fcnster<\/p>\n\n\n\n<p><\/p>\n\n\n\n<h3 class=\"wp-block-heading\">Lage<\/h3>\n\n\n\n<p>Angrenzend an unser Heim ist ein Spielplatz und der Dortmund-Ems Kanal. Fu\u00dfl\u00e4ufig ist auch ein kleineres Waldst\u00fcck und ein Schwimmbad. <\/p>\n\n\n\n<p>Es sind auch mehrere Superm\u00e4rkte sowie B\u00e4cker schnell zu erreichen.<\/p>\n\n\n\n<h3 class=\"wp-block-heading\">Unser Heim:<\/h3>\n\n\n\n<p><\/p>\n\n\n\n<figure class=\"wp-block-image size-large is-resized\"><img loading=\"lazy\" decoding=\"async\" width=\"640\" height=\"480\" src=\"https:\/\/www.pfadfinder-ms.de\/wp-content\/uploads\/2021\/05\/P1100755.jpg\" alt=\"\" class=\"wp-image-354\" style=\"width:238px;height:179px\" srcset=\"https:\/\/www.pfadfinder-ms.de\/wp-content\/uploads\/2021\/05\/P1100755.jpg 640w, https:\/\/www.pfadfinder-ms.de\/wp-content\/uploads\/2021\/05\/P1100755-300x225.jpg 300w\" sizes=\"auto, (max-width: 640px) 100vw, 640px\" \/><\/figure>\n\n\n\n<p><\/p>\n\n\n\n<div class=\"wp-block-columns is-layout-flex wp-container-core-columns-is-layout-9d6595d7 wp-block-columns-is-layout-flex\">\n<div class=\"wp-block-column is-layout-flow wp-block-column-is-layout-flow\">\n<figure class=\"wp-block-image size-large is-resized\"><img loading=\"lazy\" decoding=\"async\" width=\"1024\" height=\"768\" src=\"https:\/\/www.pfadfinder-ms.de\/wp-content\/uploads\/2023\/03\/IMG-20221113-WA0002-1024x768.jpg\" alt=\"\" class=\"wp-image-617\" style=\"width:240px;height:180px\" srcset=\"https:\/\/www.pfadfinder-ms.de\/wp-content\/uploads\/2023\/03\/IMG-20221113-WA0002-1024x768.jpg 1024w, https:\/\/www.pfadfinder-ms.de\/wp-content\/uploads\/2023\/03\/IMG-20221113-WA0002-300x225.jpg 300w, https:\/\/www.pfadfinder-ms.de\/wp-content\/uploads\/2023\/03\/IMG-20221113-WA0002-768x576.jpg 768w, https:\/\/www.pfadfinder-ms.de\/wp-content\/uploads\/2023\/03\/IMG-20221113-WA0002-1536x1152.jpg 1536w, https:\/\/www.pfadfinder-ms.de\/wp-content\/uploads\/2023\/03\/IMG-20221113-WA0002.jpg 1824w\" sizes=\"auto, (max-width: 1024px) 100vw, 1024px\" \/><\/figure>\n<\/div>\n<\/div>\n\n\n\n<p><\/p>\n\n\n\n<figure class=\"wp-block-image size-large is-resized\"><img loading=\"lazy\" decoding=\"async\" width=\"640\" height=\"480\" src=\"https:\/\/www.pfadfinder-ms.de\/wp-content\/uploads\/2021\/05\/P1100762.jpg\" alt=\"\" class=\"wp-image-355\" style=\"width:241px;height:181px\" srcset=\"https:\/\/www.pfadfinder-ms.de\/wp-content\/uploads\/2021\/05\/P1100762.jpg 640w, https:\/\/www.pfadfinder-ms.de\/wp-content\/uploads\/2021\/05\/P1100762-300x225.jpg 300w\" sizes=\"auto, (max-width: 640px) 100vw, 640px\" \/><\/figure>\n\n\n\n<p>Der Gro\u00dfe Gruppenraum<\/p>\n\n\n\n<figure class=\"wp-block-image size-large is-resized\"><img loading=\"lazy\" decoding=\"async\" width=\"640\" height=\"480\" src=\"https:\/\/www.pfadfinder-ms.de\/wp-content\/uploads\/2021\/05\/P1100791.jpg\" alt=\"\" class=\"wp-image-356\" style=\"width:241px;height:181px\" srcset=\"https:\/\/www.pfadfinder-ms.de\/wp-content\/uploads\/2021\/05\/P1100791.jpg 640w, https:\/\/www.pfadfinder-ms.de\/wp-content\/uploads\/2021\/05\/P1100791-300x225.jpg 300w\" sizes=\"auto, (max-width: 640px) 100vw, 640px\" \/><\/figure>\n\n\n\n<p><\/p>\n\n\n\n<figure class=\"wp-block-image size-large is-resized\"><img loading=\"lazy\" decoding=\"async\" width=\"768\" height=\"1024\" src=\"https:\/\/www.pfadfinder-ms.de\/wp-content\/uploads\/2023\/03\/IMG-20221113-WA0012-768x1024.jpg\" alt=\"\" class=\"wp-image-618\" style=\"width:241px;height:321px\" srcset=\"https:\/\/www.pfadfinder-ms.de\/wp-content\/uploads\/2023\/03\/IMG-20221113-WA0012-768x1024.jpg 768w, https:\/\/www.pfadfinder-ms.de\/wp-content\/uploads\/2023\/03\/IMG-20221113-WA0012-225x300.jpg 225w, https:\/\/www.pfadfinder-ms.de\/wp-content\/uploads\/2023\/03\/IMG-20221113-WA0012-1152x1536.jpg 1152w, https:\/\/www.pfadfinder-ms.de\/wp-content\/uploads\/2023\/03\/IMG-20221113-WA0012.jpg 1368w\" sizes=\"auto, (max-width: 768px) 100vw, 768px\" \/><\/figure>\n\n\n\n<p>Die K\u00fcche<\/p>\n\n\n\n<figure class=\"wp-block-image size-large is-resized\"><img loading=\"lazy\" decoding=\"async\" width=\"768\" height=\"1024\" src=\"https:\/\/www.pfadfinder-ms.de\/wp-content\/uploads\/2023\/03\/IMG-20221113-WA0004-768x1024.jpg\" alt=\"\" class=\"wp-image-619\" style=\"width:245px;height:327px\" srcset=\"https:\/\/www.pfadfinder-ms.de\/wp-content\/uploads\/2023\/03\/IMG-20221113-WA0004-768x1024.jpg 768w, https:\/\/www.pfadfinder-ms.de\/wp-content\/uploads\/2023\/03\/IMG-20221113-WA0004-225x300.jpg 225w, https:\/\/www.pfadfinder-ms.de\/wp-content\/uploads\/2023\/03\/IMG-20221113-WA0004-1152x1536.jpg 1152w, https:\/\/www.pfadfinder-ms.de\/wp-content\/uploads\/2023\/03\/IMG-20221113-WA0004.jpg 1368w\" sizes=\"auto, (max-width: 768px) 100vw, 768px\" \/><\/figure>\n\n\n\n<p><\/p>\n\n\n\n<figure class=\"wp-block-image size-large is-resized\"><img loading=\"lazy\" decoding=\"async\" width=\"768\" height=\"1024\" src=\"https:\/\/www.pfadfinder-ms.de\/wp-content\/uploads\/2023\/03\/IMG-20221113-WA0005-768x1024.jpg\" alt=\"\" class=\"wp-image-620\" style=\"width:245px;height:327px\" srcset=\"https:\/\/www.pfadfinder-ms.de\/wp-content\/uploads\/2023\/03\/IMG-20221113-WA0005-768x1024.jpg 768w, https:\/\/www.pfadfinder-ms.de\/wp-content\/uploads\/2023\/03\/IMG-20221113-WA0005-225x300.jpg 225w, https:\/\/www.pfadfinder-ms.de\/wp-content\/uploads\/2023\/03\/IMG-20221113-WA0005-1152x1536.jpg 1152w, https:\/\/www.pfadfinder-ms.de\/wp-content\/uploads\/2023\/03\/IMG-20221113-WA0005.jpg 1368w\" sizes=\"auto, (max-width: 768px) 100vw, 768px\" \/><\/figure>\n\n\n\n<p>Unsere B\u00e4der<\/p>\n\n\n\n<figure class=\"wp-block-image size-large is-resized\"><img loading=\"lazy\" decoding=\"async\" width=\"768\" height=\"1024\" src=\"https:\/\/www.pfadfinder-ms.de\/wp-content\/uploads\/2023\/03\/IMG_20210522_103806-768x1024.jpg\" alt=\"\" class=\"wp-image-623\" style=\"width:248px;height:330px\" srcset=\"https:\/\/www.pfadfinder-ms.de\/wp-content\/uploads\/2023\/03\/IMG_20210522_103806-768x1024.jpg 768w, https:\/\/www.pfadfinder-ms.de\/wp-content\/uploads\/2023\/03\/IMG_20210522_103806-225x300.jpg 225w, https:\/\/www.pfadfinder-ms.de\/wp-content\/uploads\/2023\/03\/IMG_20210522_103806-1152x1536.jpg 1152w, https:\/\/www.pfadfinder-ms.de\/wp-content\/uploads\/2023\/03\/IMG_20210522_103806-1536x2048.jpg 1536w, https:\/\/www.pfadfinder-ms.de\/wp-content\/uploads\/2023\/03\/IMG_20210522_103806-scaled.jpg 1920w\" sizes=\"auto, (max-width: 768px) 100vw, 768px\" \/><\/figure>\n\n\n\n<p><\/p>\n\n\n\n<figure class=\"wp-block-image size-large is-resized\"><img loading=\"lazy\" decoding=\"async\" width=\"1024\" height=\"768\" src=\"https:\/\/www.pfadfinder-ms.de\/wp-content\/uploads\/2023\/03\/IMG-20221113-WA0007-1024x768.jpg\" alt=\"\" class=\"wp-image-624\" style=\"width:247px;height:185px\" srcset=\"https:\/\/www.pfadfinder-ms.de\/wp-content\/uploads\/2023\/03\/IMG-20221113-WA0007-1024x768.jpg 1024w, https:\/\/www.pfadfinder-ms.de\/wp-content\/uploads\/2023\/03\/IMG-20221113-WA0007-300x225.jpg 300w, https:\/\/www.pfadfinder-ms.de\/wp-content\/uploads\/2023\/03\/IMG-20221113-WA0007-768x576.jpg 768w, https:\/\/www.pfadfinder-ms.de\/wp-content\/uploads\/2023\/03\/IMG-20221113-WA0007-1536x1152.jpg 1536w, https:\/\/www.pfadfinder-ms.de\/wp-content\/uploads\/2023\/03\/IMG-20221113-WA0007.jpg 1824w\" sizes=\"auto, (max-width: 1024px) 100vw, 1024px\" \/><\/figure>\n\n\n\n<p>Der Graten<\/p>\n","protected":false},"excerpt":{"rendered":"<p>Unser Heim ist ein kleines, gem\u00fctliches H\u00e4uschen am Kanal, welches viele auch als &#8222;Blaues Haus&#8220; am Gallenkamp bekannt ist. Seit \u00fcber zehn Jahren finden dort regelm\u00e4\u00dfig unsere Gruppenstunden und Aktionen statt. In unserem kleinen Stammesheim gibt es einen gro\u00dfen Gruppenraum mit K\u00fcche, Sitzecke, Terrasse und Kamin. Au\u00dferdem haben wir noch eine Toilettenanlage mit Dusche und [&hellip;]<\/p>\n","protected":false},"author":1,"featured_media":364,"parent":0,"menu_order":0,"comment_status":"closed","ping_status":"closed","template":"","meta":{"footnotes":""},"class_list":["post-68","page","type-page","status-publish","has-post-thumbnail","hentry"],"yoast_head":"<!-- This site is optimized with the Yoast SEO plugin v24.6 - https:\/\/yoast.com\/wordpress\/plugins\/seo\/ -->\n<title>Stammesheim - BdP Stamm `totila\u00b4<\/title>\n<meta name=\"robots\" content=\"index, follow, max-snippet:-1, max-image-preview:large, max-video-preview:-1\" \/>\n<link rel=\"canonical\" href=\"https:\/\/www.pfadfinder-ms.de\/?page_id=68\" \/>\n<meta property=\"og:locale\" content=\"de_DE\" \/>\n<meta property=\"og:type\" content=\"article\" \/>\n<meta property=\"og:title\" content=\"Stammesheim - BdP Stamm `totila\u00b4\" \/>\n<meta property=\"og:description\" content=\"Unser Heim ist ein kleines, gem\u00fctliches H\u00e4uschen am Kanal, welches viele auch als &#8222;Blaues Haus&#8220; am Gallenkamp bekannt ist. Seit \u00fcber zehn Jahren finden dort regelm\u00e4\u00dfig unsere Gruppenstunden und Aktionen statt. In unserem kleinen Stammesheim gibt es einen gro\u00dfen Gruppenraum mit K\u00fcche, Sitzecke, Terrasse und Kamin. Au\u00dferdem haben wir noch eine Toilettenanlage mit Dusche und [&hellip;]\" \/>\n<meta property=\"og:url\" content=\"https:\/\/www.pfadfinder-ms.de\/?page_id=68\" \/>\n<meta property=\"og:site_name\" content=\"BdP Stamm `totila\u00b4\" \/>\n<meta property=\"article:modified_time\" content=\"2023-12-05T19:25:14+00:00\" \/>\n<meta property=\"og:image\" content=\"https:\/\/www.pfadfinder-ms.de\/wp-content\/uploads\/2021\/06\/Heim.jpeg\" \/>\n\t<meta property=\"og:image:width\" content=\"1600\" \/>\n\t<meta property=\"og:image:height\" content=\"800\" \/>\n\t<meta property=\"og:image:type\" content=\"image\/jpeg\" \/>\n<meta name=\"twitter:card\" content=\"summary_large_image\" \/>\n<meta name=\"twitter:label1\" content=\"Gesch\u00e4tzte Lesezeit\" \/>\n\t<meta name=\"twitter:data1\" content=\"3\u00a0Minuten\" \/>\n<script type=\"application\/ld+json\" class=\"yoast-schema-graph\">{\"@context\":\"https:\/\/schema.org\",\"@graph\":[{\"@type\":\"WebPage\",\"@id\":\"https:\/\/www.pfadfinder-ms.de\/?page_id=68\",\"url\":\"https:\/\/www.pfadfinder-ms.de\/?page_id=68\",\"name\":\"Stammesheim - BdP Stamm `totila\u00b4\",\"isPartOf\":{\"@id\":\"https:\/\/www.pfadfinder-ms.de\/#website\"},\"primaryImageOfPage\":{\"@id\":\"https:\/\/www.pfadfinder-ms.de\/?page_id=68#primaryimage\"},\"image\":{\"@id\":\"https:\/\/www.pfadfinder-ms.de\/?page_id=68#primaryimage\"},\"thumbnailUrl\":\"https:\/\/www.pfadfinder-ms.de\/wp-content\/uploads\/2021\/06\/Heim.jpeg\",\"datePublished\":\"2021-04-20T14:43:15+00:00\",\"dateModified\":\"2023-12-05T19:25:14+00:00\",\"breadcrumb\":{\"@id\":\"https:\/\/www.pfadfinder-ms.de\/?page_id=68#breadcrumb\"},\"inLanguage\":\"de\",\"potentialAction\":[{\"@type\":\"ReadAction\",\"target\":[\"https:\/\/www.pfadfinder-ms.de\/?page_id=68\"]}]},{\"@type\":\"ImageObject\",\"inLanguage\":\"de\",\"@id\":\"https:\/\/www.pfadfinder-ms.de\/?page_id=68#primaryimage\",\"url\":\"https:\/\/www.pfadfinder-ms.de\/wp-content\/uploads\/2021\/06\/Heim.jpeg\",\"contentUrl\":\"https:\/\/www.pfadfinder-ms.de\/wp-content\/uploads\/2021\/06\/Heim.jpeg\",\"width\":1600,\"height\":800},{\"@type\":\"BreadcrumbList\",\"@id\":\"https:\/\/www.pfadfinder-ms.de\/?page_id=68#breadcrumb\",\"itemListElement\":[{\"@type\":\"ListItem\",\"position\":1,\"name\":\"Startseite\",\"item\":\"https:\/\/www.pfadfinder-ms.de\/\"},{\"@type\":\"ListItem\",\"position\":2,\"name\":\"Stammesheim\"}]},{\"@type\":\"WebSite\",\"@id\":\"https:\/\/www.pfadfinder-ms.de\/#website\",\"url\":\"https:\/\/www.pfadfinder-ms.de\/\",\"name\":\"BdP Stamm `totila\u00b4\",\"description\":\"Aktionsberichte\",\"potentialAction\":[{\"@type\":\"SearchAction\",\"target\":{\"@type\":\"EntryPoint\",\"urlTemplate\":\"https:\/\/www.pfadfinder-ms.de\/?s={search_term_string}\"},\"query-input\":{\"@type\":\"PropertyValueSpecification\",\"valueRequired\":true,\"valueName\":\"search_term_string\"}}],\"inLanguage\":\"de\"}]}<\/script>\n<!-- \/ Yoast SEO plugin. -->","yoast_head_json":{"title":"Stammesheim - BdP Stamm `totila\u00b4","robots":{"index":"index","follow":"follow","max-snippet":"max-snippet:-1","max-image-preview":"max-image-preview:large","max-video-preview":"max-video-preview:-1"},"canonical":"https:\/\/www.pfadfinder-ms.de\/?page_id=68","og_locale":"de_DE","og_type":"article","og_title":"Stammesheim - BdP Stamm `totila\u00b4","og_description":"Unser Heim ist ein kleines, gem\u00fctliches H\u00e4uschen am Kanal, welches viele auch als &#8222;Blaues Haus&#8220; am Gallenkamp bekannt ist. Seit \u00fcber zehn Jahren finden dort regelm\u00e4\u00dfig unsere Gruppenstunden und Aktionen statt. In unserem kleinen Stammesheim gibt es einen gro\u00dfen Gruppenraum mit K\u00fcche, Sitzecke, Terrasse und Kamin. Au\u00dferdem haben wir noch eine Toilettenanlage mit Dusche und [&hellip;]","og_url":"https:\/\/www.pfadfinder-ms.de\/?page_id=68","og_site_name":"BdP Stamm `totila\u00b4","article_modified_time":"2023-12-05T19:25:14+00:00","og_image":[{"width":1600,"height":800,"url":"https:\/\/www.pfadfinder-ms.de\/wp-content\/uploads\/2021\/06\/Heim.jpeg","type":"image\/jpeg"}],"twitter_card":"summary_large_image","twitter_misc":{"Gesch\u00e4tzte Lesezeit":"3\u00a0Minuten"},"schema":{"@context":"https:\/\/schema.org","@graph":[{"@type":"WebPage","@id":"https:\/\/www.pfadfinder-ms.de\/?page_id=68","url":"https:\/\/www.pfadfinder-ms.de\/?page_id=68","name":"Stammesheim - BdP Stamm `totila\u00b4","isPartOf":{"@id":"https:\/\/www.pfadfinder-ms.de\/#website"},"primaryImageOfPage":{"@id":"https:\/\/www.pfadfinder-ms.de\/?page_id=68#primaryimage"},"image":{"@id":"https:\/\/www.pfadfinder-ms.de\/?page_id=68#primaryimage"},"thumbnailUrl":"https:\/\/www.pfadfinder-ms.de\/wp-content\/uploads\/2021\/06\/Heim.jpeg","datePublished":"2021-04-20T14:43:15+00:00","dateModified":"2023-12-05T19:25:14+00:00","breadcrumb":{"@id":"https:\/\/www.pfadfinder-ms.de\/?page_id=68#breadcrumb"},"inLanguage":"de","potentialAction":[{"@type":"ReadAction","target":["https:\/\/www.pfadfinder-ms.de\/?page_id=68"]}]},{"@type":"ImageObject","inLanguage":"de","@id":"https:\/\/www.pfadfinder-ms.de\/?page_id=68#primaryimage","url":"https:\/\/www.pfadfinder-ms.de\/wp-content\/uploads\/2021\/06\/Heim.jpeg","contentUrl":"https:\/\/www.pfadfinder-ms.de\/wp-content\/uploads\/2021\/06\/Heim.jpeg","width":1600,"height":800},{"@type":"BreadcrumbList","@id":"https:\/\/www.pfadfinder-ms.de\/?page_id=68#breadcrumb","itemListElement":[{"@type":"ListItem","position":1,"name":"Startseite","item":"https:\/\/www.pfadfinder-ms.de\/"},{"@type":"ListItem","position":2,"name":"Stammesheim"}]},{"@type":"WebSite","@id":"https:\/\/www.pfadfinder-ms.de\/#website","url":"https:\/\/www.pfadfinder-ms.de\/","name":"BdP Stamm `totila\u00b4","description":"Aktionsberichte","potentialAction":[{"@type":"SearchAction","target":{"@type":"EntryPoint","urlTemplate":"https:\/\/www.pfadfinder-ms.de\/?s={search_term_string}"},"query-input":{"@type":"PropertyValueSpecification","valueRequired":true,"valueName":"search_term_string"}}],"inLanguage":"de"}]}},"_links":{"self":[{"href":"https:\/\/www.pfadfinder-ms.de\/index.php?rest_route=\/wp\/v2\/pages\/68","targetHints":{"allow":["GET"]}}],"collection":[{"href":"https:\/\/www.pfadfinder-ms.de\/index.php?rest_route=\/wp\/v2\/pages"}],"about":[{"href":"https:\/\/www.pfadfinder-ms.de\/index.php?rest_route=\/wp\/v2\/types\/page"}],"author":[{"embeddable":true,"href":"https:\/\/www.pfadfinder-ms.de\/index.php?rest_route=\/wp\/v2\/users\/1"}],"replies":[{"embeddable":true,"href":"https:\/\/www.pfadfinder-ms.de\/index.php?rest_route=%2Fwp%2Fv2%2Fcomments&post=68"}],"version-history":[{"count":20,"href":"https:\/\/www.pfadfinder-ms.de\/index.php?rest_route=\/wp\/v2\/pages\/68\/revisions"}],"predecessor-version":[{"id":713,"href":"https:\/\/www.pfadfinder-ms.de\/index.php?rest_route=\/wp\/v2\/pages\/68\/revisions\/713"}],"wp:featuredmedia":[{"embeddable":true,"href":"https:\/\/www.pfadfinder-ms.de\/index.php?rest_route=\/wp\/v2\/media\/364"}],"wp:attachment":[{"href":"https:\/\/www.pfadfinder-ms.de\/index.php?rest_route=%2Fwp%2Fv2%2Fmedia&parent=68"}],"curies":[{"name":"wp","href":"https:\/\/api.w.org\/{rel}","templated":true}]}}